{"id":24420,"date":"2016-05-24T17:55:54","date_gmt":"2016-05-24T15:55:54","guid":{"rendered":"http:\/\/remotedaytradergroup.com\/de\/?page_id=24420"},"modified":"2016-06-06T13:03:07","modified_gmt":"2016-06-06T11:03:07","slug":"faq","status":"publish","type":"page","link":"https:\/\/remotedaytradergroup.com\/de\/faq\/","title":{"rendered":"FAQ"},"content":{"rendered":"<p>Folgenden findest du Antworten auf die h\u00e4ufig gestellten Fragen \u00fcber die Zusammenarbeit. \u00a0 <h3 class=\"page-header\"><i class=\"divider_icon icon-h3\"><\/i> Fragen zu der Er\u00f6ffnung eines Kontos<\/h3><div class=\"toggle-group\"><div class=\"accordion-heading\"><a class=\"accordion-toggle\" data-toggle=\"collapse\" href=\"#collapse_0\">Wie er\u00f6ffne ich ein Proptrading Konto?<\/a><\/div><div id=\"collapse_0\" class=\"accordion-body collapse \"><div class=\"accordion-inner\">Sie k\u00f6nnen das Trading-Konto \u00f6ffnen, indem Sie das Formular &#8222;Reales Konto&#8220; ausf\u00fcllen. Nach der Ausf\u00fcllung wird sich mit Ihnen der Support kontaktieren, um die Formalit\u00e4ten abzuschlie\u00dfen. <\/div><\/div><\/div> <div class=\"toggle-group\"><div class=\"accordion-heading\"><a class=\"accordion-toggle\" data-toggle=\"collapse\" href=\"#collapse_1\">Was brauche ich um ein Konto zu er\u00f6ffnen?<\/a><\/div><div id=\"collapse_1\" class=\"accordion-body collapse \"><div class=\"accordion-inner\">Das Konto wird auf der Grundlage einer Pr\u00fcfung des Ausweisen ge\u00f6ffnet, sowie auf der Basis der etablierten und ber\u00fccksichtigten Parameter. <\/div><\/div><\/div> <div class=\"toggle-group\"><div class=\"accordion-heading\"><a class=\"accordion-toggle\" data-toggle=\"collapse\" href=\"#collapse_2\">Wer kann ein Konto er\u00f6ffnen?<\/a><\/div><div id=\"collapse_2\" class=\"accordion-body collapse \"><div class=\"accordion-inner\">Wir erm\u00f6glichen die Er\u00f6ffnung f\u00fcr alle Trader: f\u00fcr Anf\u00e4nger und die bereits eine Trader Geschichte haben. <\/div><\/div><\/div> <div class=\"toggle-group\"><div class=\"accordion-heading\"><a class=\"accordion-toggle\" data-toggle=\"collapse\" href=\"#collapse_3\">Ich m\u00f6chte ein Trading B\u00fcro er\u00f6ffnen. Haben Sie diese M\u00f6glichkeit auch im Angebot?<\/a><\/div><div id=\"collapse_3\" class=\"accordion-body collapse \"><div class=\"accordion-inner\">Wir kooperieren mit Tradern als einzeln Personen (dh. Fern Trader) sowie mit Trader B\u00fcros die einen  Manager haben. Wenn du eine Gruppe von Tradern vertretest oder m\u00f6chtest ein Trading B\u00fcro er\u00f6ffnen \u2013 setz dich mit uns Verbindung. <\/div><\/div><\/div> <div class=\"toggle-group\"><div class=\"accordion-heading\"><a class=\"accordion-toggle\" data-toggle=\"collapse\" href=\"#collapse_4\">Welche Formalit\u00e4ten sind mit der Er\u00f6ffnung eines Kontos verbunden?<\/a><\/div><div id=\"collapse_4\" class=\"accordion-body collapse \"><div class=\"accordion-inner\">Am Anfang ist es notwendig, das Formular &#8222;Reales Konto&#8220; auszuf\u00fcllen. Dann ben\u00f6tigen wir einen Scan deines Ausweises. Auf der Grundlage der festgelegten Parameter des Kontos, gescanntes Ausweises \u2013 vorbereiteten wir den Vertrag. Nach der Unterzeichnung des Vertrages durch den Trader ist das Trading-Konto vorbereitet. Das Konto wird aktiviert, wenn die \u00dcberweisung des Perfomence Bond auf der Rechnung des Bankkontos des Unternehmens verbucht ist. Bevor das Konto aktiviert wird, w\u00e4hlt der Trader die bevorzugte Quotierung. <\/div><\/div><\/div> <div class=\"toggle-group\"><div class=\"accordion-heading\"><a class=\"accordion-toggle\" data-toggle=\"collapse\" href=\"#collapse_5\">Gibt es irgendwelche verbundene Kosten im Zusammenhang mit der Er\u00f6ffnung eines Kontos?<\/a><\/div><div id=\"collapse_5\" class=\"accordion-body collapse \"><div class=\"accordion-inner\">Die Er\u00f6ffnung eines Kontos ist kostenlos. Trader tr\u00e4gt die Kosten f\u00fcr Provisionen, B\u00f6rsen Geb\u00fchren (SEC, NSCC, NASD \/ TAF) von den ausgef\u00fchrten Auftr\u00e4gen und die monatlichen Kosten der Plattform und ausgew\u00e4hlter Quotierung. <\/div><\/div><\/div> \u00a0 <h3 class=\"page-header\"><i class=\"divider_icon icon-h3\"><\/i> Fragen zu der Er\u00f6ffnung eines Demo-Kontos<\/h3> <div class=\"toggle-group\"><div class=\"accordion-heading\"><a class=\"accordion-toggle\" data-toggle=\"collapse\" href=\"#collapse_6\">Wie kann ich ein Demo-Konto er\u00f6ffnen?<\/a><\/div><div id=\"collapse_6\" class=\"accordion-body collapse \"><div class=\"accordion-inner\">Sie k\u00f6nnen durch das Ausf\u00fcllen des Formulars &#8222;Demo-Konto&#8220; ein Demo-Konto er\u00f6ffnen. Nach der Ausf\u00fcllung wird sich mit Ihnen der Support kontaktieren, um den Zugang zu dem Demo Konto erm\u00f6glichen. <\/div><\/div><\/div> <div class=\"toggle-group\"><div class=\"accordion-heading\"><a class=\"accordion-toggle\" data-toggle=\"collapse\" href=\"#collapse_7\">Welche Kosten sind mit einem Demo-Konto verbunden?<\/a><\/div><div id=\"collapse_7\" class=\"accordion-body collapse \"><div class=\"accordion-inner\">Das Demo-Konto ist kostenlos. <\/div><\/div><\/div> <div class=\"toggle-group\"><div class=\"accordion-heading\"><a class=\"accordion-toggle\" data-toggle=\"collapse\" href=\"#collapse_8\">Wie lange ist das Demo-Konto aktive?<\/a><\/div><div id=\"collapse_8\" class=\"accordion-body collapse \"><div class=\"accordion-inner\">Das Demo-Konto ist zwei Wochen lang aktiv. <\/div><\/div><\/div> \u00a0 <h3 class=\"page-header\"><i class=\"divider_icon icon-h3\"><\/i> Fragen zu Kosten<\/h3> <div class=\"toggle-group\"><div class=\"accordion-heading\"><a class=\"accordion-toggle\" data-toggle=\"collapse\" href=\"#collapse_9\">Welche Kosten sind mit der Plattform und der Quotierung  verbunden?<\/a><\/div><div id=\"collapse_9\" class=\"accordion-body collapse \"><div class=\"accordion-inner\">Bei der Kontoer\u00f6ffnung , entstehen Ihnen die monatlichen Kosten der Plattform und der gew\u00e4hlten Quotierung. Einzelheiten zu den Geb\u00fchren finden Sie in der Tabelle. <\/div><\/div><\/div> <div class=\"toggle-group\"><div class=\"accordion-heading\"><a class=\"accordion-toggle\" data-toggle=\"collapse\" href=\"#collapse_10\">Beinhalten die Kosten der Plattform bereits die Kosten der Quotierung?<\/a><\/div><div id=\"collapse_10\" class=\"accordion-body collapse \"><div class=\"accordion-inner\">Nein. Quotierungen werden separat bestellt und sind eine zus\u00e4tzliche Geb\u00fchr. <\/div><\/div><\/div> <div class=\"toggle-group\"><div class=\"accordion-heading\"><a class=\"accordion-toggle\" data-toggle=\"collapse\" href=\"#collapse_11\">Sonstige Kosten?<\/a><\/div><div id=\"collapse_11\" class=\"accordion-body collapse \"><div class=\"accordion-inner\">Trader tr\u00e4gt die Kosten f\u00fcr: Provision, ECN Geb\u00fchr \/ Rebates (nach den offiziellen Preisen der ECN&#8217;ns) und B\u00f6rsengeb\u00fchren SEC, NASD, NSCC. Die Geb\u00fchren k\u00f6nnen in der Trader Plattform eingestellt werden. Am n\u00e4chsten Tag nach der B\u00f6rsensitzung , sind alle Transaktionen mit den Statistiken in den Systemberichten zur Verf\u00fcgung. <\/div><\/div><\/div> <div class=\"toggle-group\"><div class=\"accordion-heading\"><a class=\"accordion-toggle\" data-toggle=\"collapse\" href=\"#collapse_12\">Wann werden die Geb\u00fchren f\u00fcr die Plattform und die Quotierung erhoben?<\/a><\/div><div id=\"collapse_12\" class=\"accordion-body collapse \"><div class=\"accordion-inner\">ODie Geb\u00fchren f\u00fcr die Plattform und die Quotierungen werden im Laufe eines Kalendermonats berechnet, im Moment der \u00d6ffnung der Trader Plattform. Auch bei einer einmalige Nutzung der Plattform, werden die vollen Geb\u00fchren f\u00fcr die Plattform und Quotierungen entstehen. <\/div><\/div><\/div> <div class=\"toggle-group\"><div class=\"accordion-heading\"><a class=\"accordion-toggle\" data-toggle=\"collapse\" href=\"#collapse_13\">Kommission Rate - was ist das?<\/a><\/div><div id=\"collapse_13\" class=\"accordion-body collapse \"><div class=\"accordion-inner\">Kommission Rate &#8211; das ist die Provision f\u00fcr Trader f\u00fcr jede gespielte Aktie. Z.b. 0,00075 $ je Aktie. In diesem Fall zahlt der Trader die gleiche Rate f\u00fcr jeden gekaufte\/ verkaufte Aktie. Ohne Minimum. Je gr\u00f6\u00dfer der Erzeugter Umsatz, ist die H\u00f6he der Kommission ein Gegenstand zur Verhandlungen. <\/div><\/div><\/div> <div class=\"toggle-group\"><div class=\"accordion-heading\"><a class=\"accordion-toggle\" data-toggle=\"collapse\" href=\"#collapse_14\">SEC Geb\u00fchr - was ist das?<\/a><\/div><div id=\"collapse_14\" class=\"accordion-body collapse \"><div class=\"accordion-inner\">Das ist die Rate die von der SEC berechnet wird (Securities and Exchange Commission). Derzeit liegt sie bei $ 21,40, bei einen Umsatz von einer Million Dollar. Sie wird bei jeder Verkauf  Transaktion \/ Kurz Verkauft berechnet. Aktuelle Preise finden Sie in den Ank\u00fcndigungen von SEC: http:\/\/www.sec.gov\/News\/Page\/List\/Page\/1356125649507 <\/div><\/div><\/div> <div class=\"toggle-group\"><div class=\"accordion-heading\"><a class=\"accordion-toggle\" data-toggle=\"collapse\" href=\"#collapse_15\">TAF \/ NASD Geb\u00fchr - was ist das?<\/a><\/div><div id=\"collapse_15\" class=\"accordion-body collapse \"><div class=\"accordion-inner\">TAF \u2013 Trader Activity Fee &#8211; das ist eine Geb\u00fchr, die von FINRA berechnet wird. Derzeit ist ihre H\u00f6he bei $ 0.000119 je Aktie bei dem Verkauf oder kurz Verkauft. Aktuelle Preise finden Sie unter FINRA: http:\/\/www.finra.org\/Industry\/Regulation\/Notices\/2014\/index.htm <\/div><\/div><\/div> <div class=\"toggle-group\"><div class=\"accordion-heading\"><a class=\"accordion-toggle\" data-toggle=\"collapse\" href=\"#collapse_16\">NSCC Geb\u00fchr - was ist das?<\/a><\/div><div id=\"collapse_16\" class=\"accordion-body collapse \"><div class=\"accordion-inner\">Diese wird von der National Securities Clearing Corporation berechnet. Es gibt keine spezifische h\u00f6he je Aktie: es h\u00e4ngt von der Gr\u00f6\u00dfe ihrer Transaktion und dem Preis des Unternehmens. Doch f\u00fcr eine Probe bei 100 St\u00fcck von Aktien, bei einer Gesellschaft mit einen Wert von $ 10 &#8211; die Kosten sind $ 0,0021 f\u00fcr 100 Aktien. Auf der DTCC k\u00f6nnen Sie einen Rechner finden, die die ungef\u00e4hre Gr\u00f6\u00dfe der Geb\u00fchr bestimmt:<br \/>\nhttp:\/\/www.dtcc.com\/forms\/clearing-fee-calculator.aspx<\/div><\/div><\/div> \u00a0 <h3 class=\"page-header\"><i class=\"divider_icon icon-h3\"><\/i> Fragen bez\u00fcglich der Performance Bond und Bank\u00fcberweisungen<\/h3> <div class=\"toggle-group\"><div class=\"accordion-heading\"><a class=\"accordion-toggle\" data-toggle=\"collapse\" href=\"#collapse_17\">Wie gro\u00df ist die minimale Performance Bond?<\/a><\/div><div id=\"collapse_17\" class=\"accordion-body collapse \"><div class=\"accordion-inner\">Die H\u00f6he der Performance Bond f\u00fcr ein reales Konto ist $ 3000 mit spezifischen Konto Parametern und Erfahrung eines Trader. <\/div><\/div><\/div> <div class=\"toggle-group\"><div class=\"accordion-heading\"><a class=\"accordion-toggle\" data-toggle=\"collapse\" href=\"#collapse_18\">Wie kann ich eine \u00dcberweisung machen?<\/a><\/div><div id=\"collapse_18\" class=\"accordion-body collapse \"><div class=\"accordion-inner\">Nach der Unterzeichnung des Vertrages erh\u00e4lt der Trader die Bankverbindung. <\/div><\/div><\/div> <div class=\"toggle-group\"><div class=\"accordion-heading\"><a class=\"accordion-toggle\" data-toggle=\"collapse\" href=\"#collapse_19\">Wie lange dauert eine \u00dcberweisung?<\/a><\/div><div id=\"collapse_19\" class=\"accordion-body collapse \"><div class=\"accordion-inner\">Typischerweise wird die Wartezeit auf wenige Arbeitstage Tage gesetzt. <\/div><\/div><\/div> <div class=\"toggle-group\"><div class=\"accordion-heading\"><a class=\"accordion-toggle\" data-toggle=\"collapse\" href=\"#collapse_20\">Wann erhalte ich den generierten % des Gewinns?<\/a><\/div><div id=\"collapse_20\" class=\"accordion-body collapse \"><div class=\"accordion-inner\">Das Unternehmen rechnet die Gewinne auf monatlicher Basis, z. B. Gewinne im Mai werden bis Mitte Juni berechnet, und die Auszahlung wird Ende Juni gemacht. <\/div><\/div><\/div> \u00a0 <h3 class=\"page-header\"><i class=\"divider_icon icon-h3\"><\/i> Fragen \u00fcber die Plattform, Quotierung und Konto Parameter<\/h3> <div class=\"toggle-group\"><div class=\"accordion-heading\"><a class=\"accordion-toggle\" data-toggle=\"collapse\" href=\"#collapse_21\">Wie lerne ich, wie ich die Plattform benutzen kann?<\/a><\/div><div id=\"collapse_21\" class=\"accordion-body collapse \"><div class=\"accordion-inner\">Allen Tradern, die das Konto er\u00f6ffnen bieten wir eine Polnisches Handbuch von Sterling Trader. Direkt auf der offiziellen Webseite www.sterlingtrader.com ist die Anleitungen und Video-Handbuch die \u00fcber die Handhabung der Plattform sprechen, verf\u00fcgbar. Sie k\u00f6nnen auch ein Demo-Konto nutzen um die Bedienung zu lernen. <\/div><\/div><\/div> <div class=\"toggle-group\"><div class=\"accordion-heading\"><a class=\"accordion-toggle\" data-toggle=\"collapse\" href=\"#collapse_22\">Gibt es Unterst\u00fctzung?<\/a><\/div><div id=\"collapse_22\" class=\"accordion-body collapse \"><div class=\"accordion-inner\">Ja, Trader haben einen direkten Kontakt mit Firmensitz &#8211; Support-Kan\u00e4len f\u00fcr pl\u00f6tzliche Hilfe und Unterst\u00fctzung durch E-Mail und Telefon. Der Support ist in Englisch und Polnisch verf\u00fcgbar. Detaillierte Informationen \u00fcber die Unterst\u00fctzung, bekommt jeder Trader nach der Unterzeichnung des Vertrags. <\/div><\/div><\/div> <div class=\"toggle-group\"><div class=\"accordion-heading\"><a class=\"accordion-toggle\" data-toggle=\"collapse\" href=\"#collapse_23\">Ist es m\u00f6glich, \u00c4nderungen in der Quotierung zu machen?<\/a><\/div><div id=\"collapse_23\" class=\"accordion-body collapse \"><div class=\"accordion-inner\">Ja. \u00c4nderungen w\u00e4hrend des Kalendermonats werden innerhalb von 24 Stunden erstellt (aber in der Regel dauert es bis zu 1 Stunde) um weitere Quotierung  hinzuf\u00fcgen. Seit dem neuen Kalendermonat im Falle des R\u00fccktritts eines Trader von bestimmten Quotierung. Die Geb\u00fchren f\u00fcr die Quotierung sind f\u00fcr den gesamten Kalendermonat berechnet. <\/div><\/div><\/div> <div class=\"toggle-group\"><div class=\"accordion-heading\"><a class=\"accordion-toggle\" data-toggle=\"collapse\" href=\"#collapse_24\">Ist es m\u00f6glich, die Kontoparameter zu \u00e4ndern: Stop-Loss, die maximale Anzahl der Aktien, die Kaufkraft?<\/a><\/div><div id=\"collapse_24\" class=\"accordion-body collapse \"><div class=\"accordion-inner\">Ja es ist m\u00f6glich, die obigen \u00c4nderungen vorzunehmen. \u00c4nderungen m\u00fcssen von der Abteilung f\u00fcr Risiko Management genehmigt werden. Die \u00c4nderungen werden in der Regel im Abschnitt von einer 1 Stunde gemacht. <\/div><\/div><\/div> <div class=\"toggle-group\"><div class=\"accordion-heading\"><a class=\"accordion-toggle\" data-toggle=\"collapse\" href=\"#collapse_25\">Welche Quotierung w\u00e4hlen?<\/a><\/div><div id=\"collapse_25\" class=\"accordion-body collapse \"><div class=\"accordion-inner\">Die Minimale (um denn, Zugang zu B\u00f6rsen und Charts zu erm\u00f6glichen) sollte die: NASDAQ Level 1, Level 1 NYSE und AMEX bestellt werden. Die Unterschiede in den \u00fcbrigen Quotierung k\u00f6nnen an die interessierten Trader zur Verf\u00fcgung gestellt. <\/div><\/div><\/div>\n","protected":false},"excerpt":{"rendered":"<p>Folgenden findest du Antworten auf die h\u00e4ufig gestellten Fragen \u00fcber die Zusammenarbeit. \u00a0 \u00a0 \u00a0 \u00a0 \u00a0<\/p>\n","protected":false},"author":1,"featured_media":0,"parent":0,"menu_order":0,"comment_status":"closed","ping_status":"closed","template":"","meta":{"footnotes":""},"yoast_head":"<!-- This site is optimized with the Yoast SEO plugin v15.2.1 - https:\/\/yoast.com\/wordpress\/plugins\/seo\/ -->\n<meta name=\"robots\" content=\"index, follow, max-snippet:-1, max-image-preview:large, max-video-preview:-1\" \/>\n<link rel=\"canonical\" href=\"https:\/\/remotedaytradergroup.com\/de\/faq\/\" \/>\n<meta property=\"og:locale\" content=\"de_DE\" \/>\n<meta property=\"og:type\" content=\"article\" \/>\n<meta property=\"og:title\" content=\"FAQ - Remote Trading | Proprietary Trading\" \/>\n<meta property=\"og:description\" content=\"Folgenden findest du Antworten auf die h\u00e4ufig gestellten Fragen \u00fcber die Zusammenarbeit. \u00a0 \u00a0 \u00a0 \u00a0 \u00a0\" \/>\n<meta property=\"og:url\" content=\"https:\/\/remotedaytradergroup.com\/de\/faq\/\" \/>\n<meta property=\"og:site_name\" content=\"Remote Trading | Proprietary Trading\" \/>\n<meta property=\"article:publisher\" content=\"https:\/\/www.facebook.com\/RemoteDayTrader\/\" \/>\n<meta property=\"article:modified_time\" content=\"2016-06-06T11:03:07+00:00\" \/>\n<meta property=\"og:image\" content=\"https:\/\/remotedaytradergroup.com\/wp-content\/uploads\/2016\/06\/cropped-Logo_pionoweRDT_Color-1.png\" \/>\n\t<meta property=\"og:image:width\" content=\"512\" \/>\n\t<meta property=\"og:image:height\" content=\"512\" \/>\n<meta name=\"twitter:card\" content=\"summary\" \/>\n<meta name=\"twitter:creator\" content=\"@DayTraderPL\" \/>\n<meta name=\"twitter:site\" content=\"@DayTraderPL\" \/>\n<meta name=\"twitter:label1\" content=\"Verfasst von\">\n\t<meta name=\"twitter:data1\" content=\"admin\">\n\t<meta name=\"twitter:label2\" content=\"Gesch\u00e4tzte Lesezeit\">\n\t<meta name=\"twitter:data2\" content=\"5\u00a0Minuten\">\n<script type=\"application\/ld+json\" class=\"yoast-schema-graph\">{\"@context\":\"https:\/\/schema.org\",\"@graph\":[{\"@type\":\"Organization\",\"@id\":\"https:\/\/remotedaytradergroup.com\/#organization\",\"name\":\"RemoteDayTrader Group\",\"url\":\"https:\/\/remotedaytradergroup.com\/\",\"sameAs\":[\"https:\/\/www.facebook.com\/RemoteDayTrader\/\",\"https:\/\/www.youtube.com\/user\/PolishDayTrader\",\"https:\/\/twitter.com\/DayTraderPL\"],\"logo\":{\"@type\":\"ImageObject\",\"@id\":\"https:\/\/remotedaytradergroup.com\/#logo\",\"inLanguage\":\"de\",\"url\":\"https:\/\/remotedaytradergroup.com\/wp-content\/uploads\/2016\/06\/cropped-Logo_pionoweRDT_Color-1.png\",\"width\":512,\"height\":512,\"caption\":\"RemoteDayTrader Group\"},\"image\":{\"@id\":\"https:\/\/remotedaytradergroup.com\/#logo\"}},{\"@type\":\"WebSite\",\"@id\":\"https:\/\/remotedaytradergroup.com\/#website\",\"url\":\"https:\/\/remotedaytradergroup.com\/\",\"name\":\"Remote Trading | Proprietary Trading\",\"description\":\"\",\"publisher\":{\"@id\":\"https:\/\/remotedaytradergroup.com\/#organization\"},\"potentialAction\":[{\"@type\":\"SearchAction\",\"target\":\"https:\/\/remotedaytradergroup.com\/?s={search_term_string}\",\"query-input\":\"required name=search_term_string\"}],\"inLanguage\":\"de\"},{\"@type\":\"WebPage\",\"@id\":\"https:\/\/remotedaytradergroup.com\/de\/faq\/#webpage\",\"url\":\"https:\/\/remotedaytradergroup.com\/de\/faq\/\",\"name\":\"FAQ - Remote Trading | Proprietary Trading\",\"isPartOf\":{\"@id\":\"https:\/\/remotedaytradergroup.com\/#website\"},\"datePublished\":\"2016-05-24T15:55:54+00:00\",\"dateModified\":\"2016-06-06T11:03:07+00:00\",\"inLanguage\":\"de\",\"potentialAction\":[{\"@type\":\"ReadAction\",\"target\":[\"https:\/\/remotedaytradergroup.com\/de\/faq\/\"]}]}]}<\/script>\n<!-- \/ Yoast SEO plugin. -->","_links":{"self":[{"href":"https:\/\/remotedaytradergroup.com\/de\/wp-json\/wp\/v2\/pages\/24420"}],"collection":[{"href":"https:\/\/remotedaytradergroup.com\/de\/wp-json\/wp\/v2\/pages"}],"about":[{"href":"https:\/\/remotedaytradergroup.com\/de\/wp-json\/wp\/v2\/types\/page"}],"author":[{"embeddable":true,"href":"https:\/\/remotedaytradergroup.com\/de\/wp-json\/wp\/v2\/users\/1"}],"replies":[{"embeddable":true,"href":"https:\/\/remotedaytradergroup.com\/de\/wp-json\/wp\/v2\/comments?post=24420"}],"version-history":[{"count":4,"href":"https:\/\/remotedaytradergroup.com\/de\/wp-json\/wp\/v2\/pages\/24420\/revisions"}],"predecessor-version":[{"id":24660,"href":"https:\/\/remotedaytradergroup.com\/de\/wp-json\/wp\/v2\/pages\/24420\/revisions\/24660"}],"wp:attachment":[{"href":"https:\/\/remotedaytradergroup.com\/de\/wp-json\/wp\/v2\/media?parent=24420"}],"curies":[{"name":"wp","href":"https:\/\/api.w.org\/{rel}","templated":true}]}}