{"id":24416,"date":"2016-05-24T17:54:38","date_gmt":"2016-05-24T15:54:38","guid":{"rendered":"http:\/\/remotedaytradergroup.com\/de\/?page_id=24416"},"modified":"2016-06-06T12:20:08","modified_gmt":"2016-06-06T10:20:08","slug":"reales-konto","status":"publish","type":"page","link":"https:\/\/remotedaytradergroup.com\/de\/reales-konto\/","title":{"rendered":"Reales Konto"},"content":{"rendered":"<p style=\"text-align: justify;\">Er\u00f6ffne ein reales Konto innerhalb unserer proptrading Gruppe.<\/p>\n<p style=\"text-align: justify;\">Nach f\u00fcllung des folgendes Formular aus, werden wir uns mit Ihnen in Verbindung setzen, um die Formalit\u00e4ten im Zusammenhang mit der Er\u00f6ffnung des Kontos, fortzusetzen. Wenn du dich fragst, wie sehen die Formalit\u00e4ten mit dem er\u00f6ffnen eines Kontos aus \u2013 Laden wir im den <a href=\"http:\/\/remotedaytradergroup.com\/de\/faq\/\"><strong>FAQ-Bereich<\/strong><\/a> ein.<\/p>\n<p style=\"text-align: justify;\">\u00a0<\/p>\n<p><script src=\"https:\/\/app.getresponse.com\/view_webform_v2.js?u=u7Ge&amp;webforms_id=5756903\" type=\"text\/javascript\"><\/script><\/p>\n","protected":false},"excerpt":{"rendered":"<p>Er\u00f6ffne ein reales Konto innerhalb unserer proptrading Gruppe. Nach f\u00fcllung des folgendes Formular aus, werden wir uns mit Ihnen in Verbindung setzen, um die Formalit\u00e4ten im Zusammenhang mit der Er\u00f6ffnung des Kontos, fortzusetzen. Wenn du dich fragst, wie sehen die Formalit\u00e4ten mit dem er\u00f6ffnen eines Kontos aus \u2013 Laden wir im den FAQ-Bereich ein. \u00a0<\/p>\n","protected":false},"author":1,"featured_media":0,"parent":0,"menu_order":0,"comment_status":"closed","ping_status":"closed","template":"","meta":{"footnotes":""},"yoast_head":"<!-- This site is optimized with the Yoast SEO plugin v15.2.1 - https:\/\/yoast.com\/wordpress\/plugins\/seo\/ -->\n<meta name=\"robots\" content=\"index, follow, max-snippet:-1, max-image-preview:large, max-video-preview:-1\" \/>\n<link rel=\"canonical\" href=\"https:\/\/remotedaytradergroup.com\/de\/reales-konto\/\" \/>\n<meta property=\"og:locale\" content=\"de_DE\" \/>\n<meta property=\"og:type\" content=\"article\" \/>\n<meta property=\"og:title\" content=\"Reales Konto - Remote Trading | Proprietary Trading\" \/>\n<meta property=\"og:description\" content=\"Er\u00f6ffne ein reales Konto innerhalb unserer proptrading Gruppe. Nach f\u00fcllung des folgendes Formular aus, werden wir uns mit Ihnen in Verbindung setzen, um die Formalit\u00e4ten im Zusammenhang mit der Er\u00f6ffnung des Kontos, fortzusetzen. Wenn du dich fragst, wie sehen die Formalit\u00e4ten mit dem er\u00f6ffnen eines Kontos aus \u2013 Laden wir im den FAQ-Bereich ein. \u00a0\" \/>\n<meta property=\"og:url\" content=\"https:\/\/remotedaytradergroup.com\/de\/reales-konto\/\" \/>\n<meta property=\"og:site_name\" content=\"Remote Trading | Proprietary Trading\" \/>\n<meta property=\"article:publisher\" content=\"https:\/\/www.facebook.com\/RemoteDayTrader\/\" \/>\n<meta property=\"article:modified_time\" content=\"2016-06-06T10:20:08+00:00\" \/>\n<meta property=\"og:image\" content=\"https:\/\/remotedaytradergroup.com\/wp-content\/uploads\/2016\/06\/cropped-Logo_pionoweRDT_Color-1.png\" \/>\n\t<meta property=\"og:image:width\" content=\"512\" \/>\n\t<meta property=\"og:image:height\" content=\"512\" \/>\n<meta name=\"twitter:card\" content=\"summary\" \/>\n<meta name=\"twitter:creator\" content=\"@DayTraderPL\" \/>\n<meta name=\"twitter:site\" content=\"@DayTraderPL\" \/>\n<meta name=\"twitter:label1\" content=\"Verfasst von\">\n\t<meta name=\"twitter:data1\" content=\"admin\">\n\t<meta name=\"twitter:label2\" content=\"Gesch\u00e4tzte Lesezeit\">\n\t<meta name=\"twitter:data2\" content=\"0\u00a0Minuten\">\n<script type=\"application\/ld+json\" class=\"yoast-schema-graph\">{\"@context\":\"https:\/\/schema.org\",\"@graph\":[{\"@type\":\"Organization\",\"@id\":\"https:\/\/remotedaytradergroup.com\/#organization\",\"name\":\"RemoteDayTrader Group\",\"url\":\"https:\/\/remotedaytradergroup.com\/\",\"sameAs\":[\"https:\/\/www.facebook.com\/RemoteDayTrader\/\",\"https:\/\/www.youtube.com\/user\/PolishDayTrader\",\"https:\/\/twitter.com\/DayTraderPL\"],\"logo\":{\"@type\":\"ImageObject\",\"@id\":\"https:\/\/remotedaytradergroup.com\/#logo\",\"inLanguage\":\"de\",\"url\":\"https:\/\/remotedaytradergroup.com\/wp-content\/uploads\/2016\/06\/cropped-Logo_pionoweRDT_Color-1.png\",\"width\":512,\"height\":512,\"caption\":\"RemoteDayTrader Group\"},\"image\":{\"@id\":\"https:\/\/remotedaytradergroup.com\/#logo\"}},{\"@type\":\"WebSite\",\"@id\":\"https:\/\/remotedaytradergroup.com\/#website\",\"url\":\"https:\/\/remotedaytradergroup.com\/\",\"name\":\"Remote Trading | Proprietary Trading\",\"description\":\"\",\"publisher\":{\"@id\":\"https:\/\/remotedaytradergroup.com\/#organization\"},\"potentialAction\":[{\"@type\":\"SearchAction\",\"target\":\"https:\/\/remotedaytradergroup.com\/?s={search_term_string}\",\"query-input\":\"required name=search_term_string\"}],\"inLanguage\":\"de\"},{\"@type\":\"WebPage\",\"@id\":\"https:\/\/remotedaytradergroup.com\/de\/reales-konto\/#webpage\",\"url\":\"https:\/\/remotedaytradergroup.com\/de\/reales-konto\/\",\"name\":\"Reales Konto - Remote Trading | Proprietary Trading\",\"isPartOf\":{\"@id\":\"https:\/\/remotedaytradergroup.com\/#website\"},\"datePublished\":\"2016-05-24T15:54:38+00:00\",\"dateModified\":\"2016-06-06T10:20:08+00:00\",\"inLanguage\":\"de\",\"potentialAction\":[{\"@type\":\"ReadAction\",\"target\":[\"https:\/\/remotedaytradergroup.com\/de\/reales-konto\/\"]}]}]}<\/script>\n<!-- \/ Yoast SEO plugin. -->","_links":{"self":[{"href":"https:\/\/remotedaytradergroup.com\/de\/wp-json\/wp\/v2\/pages\/24416"}],"collection":[{"href":"https:\/\/remotedaytradergroup.com\/de\/wp-json\/wp\/v2\/pages"}],"about":[{"href":"https:\/\/remotedaytradergroup.com\/de\/wp-json\/wp\/v2\/types\/page"}],"author":[{"embeddable":true,"href":"https:\/\/remotedaytradergroup.com\/de\/wp-json\/wp\/v2\/users\/1"}],"replies":[{"embeddable":true,"href":"https:\/\/remotedaytradergroup.com\/de\/wp-json\/wp\/v2\/comments?post=24416"}],"version-history":[{"count":5,"href":"https:\/\/remotedaytradergroup.com\/de\/wp-json\/wp\/v2\/pages\/24416\/revisions"}],"predecessor-version":[{"id":24631,"href":"https:\/\/remotedaytradergroup.com\/de\/wp-json\/wp\/v2\/pages\/24416\/revisions\/24631"}],"wp:attachment":[{"href":"https:\/\/remotedaytradergroup.com\/de\/wp-json\/wp\/v2\/media?parent=24416"}],"curies":[{"name":"wp","href":"https:\/\/api.w.org\/{rel}","templated":true}]}}