{"id":24414,"date":"2016-05-24T17:53:57","date_gmt":"2016-05-24T15:53:57","guid":{"rendered":"http:\/\/remotedaytradergroup.com\/de\/?page_id=24414"},"modified":"2016-06-06T12:48:59","modified_gmt":"2016-06-06T10:48:59","slug":"angebot","status":"publish","type":"page","link":"https:\/\/remotedaytradergroup.com\/de\/angebot\/","title":{"rendered":"Angebot"},"content":{"rendered":"<p style=\"text-align: justify;\">Der Kern der RemoteDayTrader Gruppe bilden Trader, deshalb wissen wir was f\u00fcr Trader am wichtigsten ist. Die H\u00f6he der Provision wird auf die Aktie angerechnet , nicht auf die Transaktionen. Sie zahlen genau so viel, wie Sie realistisch investieren. F\u00fcr Trader die einen gr\u00f6\u00dferen Umsatz generieren werden zus\u00e4tzliche Nachlasse in Form einer niedrigeren H\u00f6he der Provision m\u00f6glich.<\/p>\n<p>&nbsp;<\/p>\n<p style=\"text-align: center;\"><strong>Remote Trading \u2013 Proprietary Trading<br \/><\/strong><\/p>\n<p style=\"text-align: center;\">\u00a0<\/p>\n<table class=\"aligncenter\" style=\"width: 560px; border-color: #d9d9d9;\" border=\"1\" cellspacing=\"20\" cellpadding=\"6\">\n<tbody>\n<tr style=\"height: 24.6px;\">\n<td style=\"height: 24.6px; width: 337.617px; background-color: #d9d9d9; text-align: center;\">Provision pro Aktie<\/td>\n<td style=\"height: 24.6px; width: 337.617px; background-color: #d9d9d9; border-color: #000000; text-align: center;\">ab 0.0002$\/Aktie *<\/td>\n<\/tr>\n<tr style=\"height: 24px;\">\n<td style=\"height: 24px; width: 337.617px; text-align: center;\">Performance bond (minimum)<\/td>\n<td style=\"height: 24px; width: 226.383px; text-align: center;\">3000$<\/td>\n<\/tr>\n<tr style=\"height: 24px;\">\n<td style=\"height: 24px; width: 337.617px; background-color: #d9d9d9; text-align: center;\">Intraday<\/td>\n<td style=\"height: 24px; width: 337.617px; background-color: #d9d9d9; text-align: center;\">&gt;1:30<\/td>\n<\/tr>\n<tr style=\"height: 24px;\">\n<td style=\"height: 24px; width: 337.617px; text-align: center;\">Payout<\/td>\n<td style=\"height: 24px; width: 226.383px; text-align: center;\">85%<\/td>\n<\/tr>\n<tr style=\"height: 24px;\">\n<td style=\"height: 24px; width: 337.617px; background-color: #d9d9d9; text-align: center;\">Quotierung<\/td>\n<td style=\"height: 24px; width: 337.617px; background-color: #d9d9d9; text-align: center;\">nach <a href=\"http:\/\/remotedaytradergroup.com\/wp-content\/uploads\/2016\/06\/quotes.png\" target=\"_blank\"><strong>der Preisliste der B\u00f6rsen<\/strong><\/a><\/td>\n<\/tr>\n<tr style=\"height: 24px;\">\n<td style=\"height: 24px; width: 337.617px; text-align: center;\">Sterling Trader<\/td>\n<td style=\"height: 24px; width: 226.383px; text-align: center;\">135$\/Monat<\/td>\n<\/tr>\n<tr style=\"height: 24px;\">\n<td style=\"height: 24px; width: 337.617px; background-color: #d9d9d9; text-align: center;\">Zus\u00e4tzliche B\u00f6rsen Geb\u00fchren<\/td>\n<td style=\"height: 24px; width: 337.617px; background-color: #d9d9d9; text-align: center;\">SEC + NSCC (sell side), TAF\/NASD<\/td>\n<\/tr>\n<tr style=\"height: 24px;\">\n<td style=\"height: 24px; width: 337.617px; text-align: center;\">Andere<\/td>\n<td style=\"height: 24px; width: 226.383px; text-align: center;\">keine Geb\u00fchren f\u00fcr die Er\u00f6ffnung, Kontosuspendierung<\/td>\n<\/tr>\n<tr style=\"height: 24px;\">\n<td style=\"height: 24px; width: 337.617px; background-color: #d9d9d9; text-align: center;\" colspan=\"2\">\u00a0Wenn du ein Trading B\u00fcro \u00f6ffnen m\u00f6chtest \u2013 <a href=\"http:\/\/remotedaytradergroup.com\/de\/kontakt\/\"><strong>kontaktieren uns<\/strong><\/a>.<\/td>\n<\/tr>\n<\/tbody>\n<\/table>\n<p>&nbsp;<\/p>\n<p style=\"text-align: center;\">Gibt uns eine E-Mail, um ein Angebot zu bekommen.<\/p>\n<p><center><script src=\"https:\/\/app.getresponse.com\/view_webform_v2.js?u=u7Ge&amp;webforms_id=5756403\" type=\"text\/javascript\"><\/script><\/center><\/p>\n<p style=\"text-align: justify;\">\u00a0<\/p>\n<p><strong>M\u00f6chtest ein eigenes Trading B\u00fcro er\u00f6ffnen?<\/strong><\/p>\n<p style=\"text-align: justify;\">Wir verf\u00fcgen \u00fcber umfangreiche Erfahrung in der Er\u00f6ffnung und Entwicklung von Trading B\u00fcros. Wir sind in der Lage f\u00fcr dich individuelle L\u00f6sungen vorzustellen, welche sowohl die formelle und technische Organisation , Verwaltung und Entwicklung des Trading B\u00fcro beinhalten.<\/p>\n<p style=\"text-align: justify;\">Wenn du ein Trading B\u00fcro \u00f6ffnen m\u00f6chtest &#8211; <a href=\"http:\/\/remotedaytradergroup.com\/de\/kontakt\/\"><strong>kontaktieren uns<\/strong><\/a>.<\/p>\n<p style=\"text-align: justify;\">* H\u00f6he der Provision richtet sich nach dem Umsatz welchen der Trader generiert (basierend auf seiner Trader Geschichte).<br \/> ** Wenn du bereits Erfahrung im Trading an US-B\u00f6rsen hast oder eine Gruppe von Tradern vertretest &#8211; kontaktieren uns um individuale Konditionen zu verhandeln.<\/p>\n<p style=\"text-align: justify;\">\u00a0<\/p>\n","protected":false},"excerpt":{"rendered":"<p>Der Kern der RemoteDayTrader Gruppe bilden Trader, deshalb wissen wir was f\u00fcr Trader am wichtigsten ist. Die H\u00f6he der Provision wird auf die Aktie angerechnet , nicht auf die Transaktionen. Sie zahlen genau so viel, wie Sie realistisch investieren. F\u00fcr Trader die einen gr\u00f6\u00dferen Umsatz generieren werden zus\u00e4tzliche Nachlasse in Form einer niedrigeren H\u00f6he der [&hellip;]<\/p>\n","protected":false},"author":1,"featured_media":0,"parent":0,"menu_order":0,"comment_status":"closed","ping_status":"closed","template":"","meta":{"footnotes":""},"yoast_head":"<!-- This site is optimized with the Yoast SEO plugin v15.2.1 - https:\/\/yoast.com\/wordpress\/plugins\/seo\/ -->\n<meta name=\"robots\" content=\"index, follow, max-snippet:-1, max-image-preview:large, max-video-preview:-1\" \/>\n<link rel=\"canonical\" href=\"https:\/\/remotedaytradergroup.com\/de\/angebot\/\" \/>\n<meta property=\"og:locale\" content=\"de_DE\" \/>\n<meta property=\"og:type\" content=\"article\" \/>\n<meta property=\"og:title\" content=\"Angebot - Remote Trading | Proprietary Trading\" \/>\n<meta property=\"og:description\" content=\"Der Kern der RemoteDayTrader Gruppe bilden Trader, deshalb wissen wir was f\u00fcr Trader am wichtigsten ist. Die H\u00f6he der Provision wird auf die Aktie angerechnet , nicht auf die Transaktionen. Sie zahlen genau so viel, wie Sie realistisch investieren. F\u00fcr Trader die einen gr\u00f6\u00dferen Umsatz generieren werden zus\u00e4tzliche Nachlasse in Form einer niedrigeren H\u00f6he der [&hellip;]\" \/>\n<meta property=\"og:url\" content=\"https:\/\/remotedaytradergroup.com\/de\/angebot\/\" \/>\n<meta property=\"og:site_name\" content=\"Remote Trading | Proprietary Trading\" \/>\n<meta property=\"article:publisher\" content=\"https:\/\/www.facebook.com\/RemoteDayTrader\/\" \/>\n<meta property=\"article:modified_time\" content=\"2016-06-06T10:48:59+00:00\" \/>\n<meta property=\"og:image\" content=\"https:\/\/remotedaytradergroup.com\/wp-content\/uploads\/2016\/06\/cropped-Logo_pionoweRDT_Color-1.png\" \/>\n\t<meta property=\"og:image:width\" content=\"512\" \/>\n\t<meta property=\"og:image:height\" content=\"512\" \/>\n<meta name=\"twitter:card\" content=\"summary\" \/>\n<meta name=\"twitter:creator\" content=\"@DayTraderPL\" \/>\n<meta name=\"twitter:site\" content=\"@DayTraderPL\" \/>\n<meta name=\"twitter:label1\" content=\"Verfasst von\">\n\t<meta name=\"twitter:data1\" content=\"admin\">\n\t<meta name=\"twitter:label2\" content=\"Gesch\u00e4tzte Lesezeit\">\n\t<meta name=\"twitter:data2\" content=\"1\u00a0Minute\">\n<script type=\"application\/ld+json\" class=\"yoast-schema-graph\">{\"@context\":\"https:\/\/schema.org\",\"@graph\":[{\"@type\":\"Organization\",\"@id\":\"https:\/\/remotedaytradergroup.com\/#organization\",\"name\":\"RemoteDayTrader Group\",\"url\":\"https:\/\/remotedaytradergroup.com\/\",\"sameAs\":[\"https:\/\/www.facebook.com\/RemoteDayTrader\/\",\"https:\/\/www.youtube.com\/user\/PolishDayTrader\",\"https:\/\/twitter.com\/DayTraderPL\"],\"logo\":{\"@type\":\"ImageObject\",\"@id\":\"https:\/\/remotedaytradergroup.com\/#logo\",\"inLanguage\":\"de\",\"url\":\"https:\/\/remotedaytradergroup.com\/wp-content\/uploads\/2016\/06\/cropped-Logo_pionoweRDT_Color-1.png\",\"width\":512,\"height\":512,\"caption\":\"RemoteDayTrader Group\"},\"image\":{\"@id\":\"https:\/\/remotedaytradergroup.com\/#logo\"}},{\"@type\":\"WebSite\",\"@id\":\"https:\/\/remotedaytradergroup.com\/#website\",\"url\":\"https:\/\/remotedaytradergroup.com\/\",\"name\":\"Remote Trading | Proprietary Trading\",\"description\":\"\",\"publisher\":{\"@id\":\"https:\/\/remotedaytradergroup.com\/#organization\"},\"potentialAction\":[{\"@type\":\"SearchAction\",\"target\":\"https:\/\/remotedaytradergroup.com\/?s={search_term_string}\",\"query-input\":\"required name=search_term_string\"}],\"inLanguage\":\"de\"},{\"@type\":\"WebPage\",\"@id\":\"https:\/\/remotedaytradergroup.com\/de\/angebot\/#webpage\",\"url\":\"https:\/\/remotedaytradergroup.com\/de\/angebot\/\",\"name\":\"Angebot - Remote Trading | Proprietary Trading\",\"isPartOf\":{\"@id\":\"https:\/\/remotedaytradergroup.com\/#website\"},\"datePublished\":\"2016-05-24T15:53:57+00:00\",\"dateModified\":\"2016-06-06T10:48:59+00:00\",\"inLanguage\":\"de\",\"potentialAction\":[{\"@type\":\"ReadAction\",\"target\":[\"https:\/\/remotedaytradergroup.com\/de\/angebot\/\"]}]}]}<\/script>\n<!-- \/ Yoast SEO plugin. -->","_links":{"self":[{"href":"https:\/\/remotedaytradergroup.com\/de\/wp-json\/wp\/v2\/pages\/24414"}],"collection":[{"href":"https:\/\/remotedaytradergroup.com\/de\/wp-json\/wp\/v2\/pages"}],"about":[{"href":"https:\/\/remotedaytradergroup.com\/de\/wp-json\/wp\/v2\/types\/page"}],"author":[{"embeddable":true,"href":"https:\/\/remotedaytradergroup.com\/de\/wp-json\/wp\/v2\/users\/1"}],"replies":[{"embeddable":true,"href":"https:\/\/remotedaytradergroup.com\/de\/wp-json\/wp\/v2\/comments?post=24414"}],"version-history":[{"count":7,"href":"https:\/\/remotedaytradergroup.com\/de\/wp-json\/wp\/v2\/pages\/24414\/revisions"}],"predecessor-version":[{"id":24655,"href":"https:\/\/remotedaytradergroup.com\/de\/wp-json\/wp\/v2\/pages\/24414\/revisions\/24655"}],"wp:attachment":[{"href":"https:\/\/remotedaytradergroup.com\/de\/wp-json\/wp\/v2\/media?parent=24414"}],"curies":[{"name":"wp","href":"https:\/\/api.w.org\/{rel}","templated":true}]}}