{"id":24410,"date":"2016-05-24T17:52:41","date_gmt":"2016-05-24T15:52:41","guid":{"rendered":"http:\/\/remotedaytradergroup.com\/de\/?page_id=24410"},"modified":"2016-06-06T12:42:21","modified_gmt":"2016-06-06T10:42:21","slug":"plattform","status":"publish","type":"page","link":"https:\/\/remotedaytradergroup.com\/de\/plattform\/","title":{"rendered":"Plattform"},"content":{"rendered":"<p style=\"text-align: justify;\"><img loading=\"lazy\" decoding=\"async\" class=\"alignleft wp-image-24352 size-medium\" src=\"http:\/\/remotedaytradergroup.com\/wp-content\/uploads\/2016\/05\/Sterling_Trader_PTS1-300x105.png\" width=\"300\" height=\"105\" srcset=\"https:\/\/remotedaytradergroup.com\/wp-content\/uploads\/2016\/05\/Sterling_Trader_PTS1-300x105.png 300w, https:\/\/remotedaytradergroup.com\/wp-content\/uploads\/2016\/05\/Sterling_Trader_PTS1.png 301w\" sizes=\"(max-width: 300px) 100vw, 300px\" \/>Wir bieten die Handelsplattform <strong>Sterling Trader Pro<\/strong>, die zu den beliebtesten Plattformen f\u00fcr Daytrading an der US-B\u00f6rsen zahlt.<\/p>\n<p style=\"text-align: justify;\">Die Plattform bietet den Zugang zu Markttiefe, Charts, einen Scanner der Aktien, API und viele andere n\u00fctzlichen Funktionen f\u00fcr den ein Sitzung Trader.<\/p>\n<p style=\"text-align: justify;\"><h3 class=\"page-header\"><i class=\"divider_icon icon-h3\"><\/i> Praktische Informationen<\/h3><div class=\"tabbable tabs- vertical_tab\"><ul class=\"nav nav-tabs\" id=\"custom-tabs-51\"><li class=\"active\"><a href=\"#custom-tab-0-spezifikation\"  data-toggle=\"tab\">Spezifikation<\/a><\/li><li><a href=\"#custom-tab-0-aussehen\"  data-toggle=\"tab\">Aussehen<\/a><\/li><li><a href=\"#custom-tab-0-anweisung\"  data-toggle=\"tab\">Anweisung<\/a><\/li><li><a href=\"#custom-tab-0-herunterladen\"  data-toggle=\"tab\">Herunterladen<\/a><\/li><\/ul><div class=\"tab-content\"><div id=\"custom-tab-0-spezifikation\" class=\"tab-pane active\"><\/p>\n<p style=\"text-align: justify;\"><strong>Sterling Trader\u00ae Pro:<\/strong><br \/> Prozessor: mindestens 2,4 GHz (Dual-Core oder besser).<br \/><em>Wir empfehlen Pentium min. i3 oder h\u00f6her.<\/em><br \/>Speicher: 4 GB RAM<br \/> Betriebssystem : Windows XP oder h\u00f6her<br \/> Aufl\u00f6sung: 1024 x 768<br \/> Speicher: 300MB freien Speicherplatz<br \/> Trading durch Wi-Fi wird nicht empfohlen.<\/p>\n<p style=\"text-align: justify;\">Um die Plattform am effektivsten zu nutzen, empfohlen wird:<\/p>\n<p style=\"text-align: justify;\">Prozessor: mindestens 2,4 GHz (Quad-Core oder besser).<br \/><em>Wir empfehlen Pentium min. i3 oder h\u00f6her.<\/em><br \/>Speicher: 4 GB RAM<br \/>Betriebssystem : Windows 7 oder h\u00f6her<br \/>Netzwerkkarte mit min. 5 Mbps Download-Geschwindigkeit und min. 1 Mbps Upload<br \/> Trading durch Wi-Fi wird nicht empfohlen.<\/p>\n<p style=\"text-align: justify;\"><\/div><div id=\"custom-tab-0-aussehen\" class=\"tab-pane \"><\/p>\n<p style=\"text-align: justify;\">Die Handelsplattform Sterling Trader PRO in Aktion, k\u00f6nnen Sie in den folgenden Videoaufnahmen sehen:<\/p>\n<p style=\"text-align: justify;\"><iframe loading=\"lazy\" src=\"\/\/www.youtube.com\/embed\/x1u7FzkS8dQ\" width=\"560\" height=\"315\" frameborder=\"0\" allowfullscreen=\"allowfullscreen\"><\/iframe><\/p>\n<p style=\"text-align: justify;\"><\/div><div id=\"custom-tab-0-anweisung\" class=\"tab-pane \">Wir empfehlen Ihnen, die Bedienungsanleitung der Plattform Sterling Trader Pro zu lesen.<\/p>\n<p style=\"text-align: justify;\">Bedienungsanleitung Sterling Trader Pro &#8211; <a href=\"https:\/\/www.sterlingtrader.com\/support-files\/RoboHelp\/Sterling_Trader_Pro.htm\" target=\"_blank\"><strong>gehe zu Bedienungsanleitung<\/strong><\/a>.<\/p>\n<p style=\"text-align: justify;\"><\/div><div id=\"custom-tab-0-herunterladen\" class=\"tab-pane \">Unter folgenden Links k\u00f6nnen Sie die Plattform Sterling Trader Pro herunterladen. Denken Sie daran, dass, um die Plattform zu betreiben m\u00fcssen Sie ein aktives Konto oder den Zugang zu einem Demo-Konto haben.<\/p>\n<p style=\"text-align: justify;\">Sterling Trader PRO Plattform &#8211; <a href=\"https:\/\/www.sterlingtrader.com\/products-and-services\/platforms\/sterling-trader-pro\/\" target=\"_blank\"><strong>Herunterladen<\/strong><\/a>.<\/div><\/div><\/div>\n","protected":false},"excerpt":{"rendered":"<p>Wir bieten die Handelsplattform Sterling Trader Pro, die zu den beliebtesten Plattformen f\u00fcr Daytrading an der US-B\u00f6rsen zahlt. Die Plattform bietet den Zugang zu Markttiefe, Charts, einen Scanner der Aktien, API und viele andere n\u00fctzlichen Funktionen f\u00fcr den ein Sitzung Trader.<\/p>\n","protected":false},"author":1,"featured_media":0,"parent":0,"menu_order":0,"comment_status":"closed","ping_status":"closed","template":"","meta":{"footnotes":""},"yoast_head":"<!-- This site is optimized with the Yoast SEO plugin v15.2.1 - https:\/\/yoast.com\/wordpress\/plugins\/seo\/ -->\n<meta name=\"robots\" content=\"index, follow, max-snippet:-1, max-image-preview:large, max-video-preview:-1\" \/>\n<link rel=\"canonical\" href=\"https:\/\/remotedaytradergroup.com\/de\/plattform\/\" \/>\n<meta property=\"og:locale\" content=\"de_DE\" \/>\n<meta property=\"og:type\" content=\"article\" \/>\n<meta property=\"og:title\" content=\"Plattform - Remote Trading | Proprietary Trading\" \/>\n<meta property=\"og:description\" content=\"Wir bieten die Handelsplattform Sterling Trader Pro, die zu den beliebtesten Plattformen f\u00fcr Daytrading an der US-B\u00f6rsen zahlt. Die Plattform bietet den Zugang zu Markttiefe, Charts, einen Scanner der Aktien, API und viele andere n\u00fctzlichen Funktionen f\u00fcr den ein Sitzung Trader.\" \/>\n<meta property=\"og:url\" content=\"https:\/\/remotedaytradergroup.com\/de\/plattform\/\" \/>\n<meta property=\"og:site_name\" content=\"Remote Trading | Proprietary Trading\" \/>\n<meta property=\"article:publisher\" content=\"https:\/\/www.facebook.com\/RemoteDayTrader\/\" \/>\n<meta property=\"article:modified_time\" content=\"2016-06-06T10:42:21+00:00\" \/>\n<meta property=\"og:image\" content=\"http:\/\/remotedaytradergroup.com\/wp-content\/uploads\/2016\/05\/Sterling_Trader_PTS1-300x105.png\" \/>\n<meta name=\"twitter:card\" content=\"summary\" \/>\n<meta name=\"twitter:creator\" content=\"@DayTraderPL\" \/>\n<meta name=\"twitter:site\" content=\"@DayTraderPL\" \/>\n<meta name=\"twitter:label1\" content=\"Verfasst von\">\n\t<meta name=\"twitter:data1\" content=\"admin\">\n\t<meta name=\"twitter:label2\" content=\"Gesch\u00e4tzte Lesezeit\">\n\t<meta name=\"twitter:data2\" content=\"1\u00a0Minute\">\n<script type=\"application\/ld+json\" class=\"yoast-schema-graph\">{\"@context\":\"https:\/\/schema.org\",\"@graph\":[{\"@type\":\"Organization\",\"@id\":\"https:\/\/remotedaytradergroup.com\/#organization\",\"name\":\"RemoteDayTrader Group\",\"url\":\"https:\/\/remotedaytradergroup.com\/\",\"sameAs\":[\"https:\/\/www.facebook.com\/RemoteDayTrader\/\",\"https:\/\/www.youtube.com\/user\/PolishDayTrader\",\"https:\/\/twitter.com\/DayTraderPL\"],\"logo\":{\"@type\":\"ImageObject\",\"@id\":\"https:\/\/remotedaytradergroup.com\/#logo\",\"inLanguage\":\"de\",\"url\":\"https:\/\/remotedaytradergroup.com\/wp-content\/uploads\/2016\/06\/cropped-Logo_pionoweRDT_Color-1.png\",\"width\":512,\"height\":512,\"caption\":\"RemoteDayTrader Group\"},\"image\":{\"@id\":\"https:\/\/remotedaytradergroup.com\/#logo\"}},{\"@type\":\"WebSite\",\"@id\":\"https:\/\/remotedaytradergroup.com\/#website\",\"url\":\"https:\/\/remotedaytradergroup.com\/\",\"name\":\"Remote Trading | Proprietary Trading\",\"description\":\"\",\"publisher\":{\"@id\":\"https:\/\/remotedaytradergroup.com\/#organization\"},\"potentialAction\":[{\"@type\":\"SearchAction\",\"target\":\"https:\/\/remotedaytradergroup.com\/?s={search_term_string}\",\"query-input\":\"required name=search_term_string\"}],\"inLanguage\":\"de\"},{\"@type\":\"ImageObject\",\"@id\":\"https:\/\/remotedaytradergroup.com\/de\/plattform\/#primaryimage\",\"inLanguage\":\"de\",\"url\":\"http:\/\/remotedaytradergroup.com\/wp-content\/uploads\/2016\/05\/Sterling_Trader_PTS1-300x105.png\"},{\"@type\":\"WebPage\",\"@id\":\"https:\/\/remotedaytradergroup.com\/de\/plattform\/#webpage\",\"url\":\"https:\/\/remotedaytradergroup.com\/de\/plattform\/\",\"name\":\"Plattform - Remote Trading | Proprietary Trading\",\"isPartOf\":{\"@id\":\"https:\/\/remotedaytradergroup.com\/#website\"},\"primaryImageOfPage\":{\"@id\":\"https:\/\/remotedaytradergroup.com\/de\/plattform\/#primaryimage\"},\"datePublished\":\"2016-05-24T15:52:41+00:00\",\"dateModified\":\"2016-06-06T10:42:21+00:00\",\"inLanguage\":\"de\",\"potentialAction\":[{\"@type\":\"ReadAction\",\"target\":[\"https:\/\/remotedaytradergroup.com\/de\/plattform\/\"]}]}]}<\/script>\n<!-- \/ Yoast SEO plugin. -->","_links":{"self":[{"href":"https:\/\/remotedaytradergroup.com\/de\/wp-json\/wp\/v2\/pages\/24410"}],"collection":[{"href":"https:\/\/remotedaytradergroup.com\/de\/wp-json\/wp\/v2\/pages"}],"about":[{"href":"https:\/\/remotedaytradergroup.com\/de\/wp-json\/wp\/v2\/types\/page"}],"author":[{"embeddable":true,"href":"https:\/\/remotedaytradergroup.com\/de\/wp-json\/wp\/v2\/users\/1"}],"replies":[{"embeddable":true,"href":"https:\/\/remotedaytradergroup.com\/de\/wp-json\/wp\/v2\/comments?post=24410"}],"version-history":[{"count":7,"href":"https:\/\/remotedaytradergroup.com\/de\/wp-json\/wp\/v2\/pages\/24410\/revisions"}],"predecessor-version":[{"id":24643,"href":"https:\/\/remotedaytradergroup.com\/de\/wp-json\/wp\/v2\/pages\/24410\/revisions\/24643"}],"wp:attachment":[{"href":"https:\/\/remotedaytradergroup.com\/de\/wp-json\/wp\/v2\/media?parent=24410"}],"curies":[{"name":"wp","href":"https:\/\/api.w.org\/{rel}","templated":true}]}}