{"id":24408,"date":"2016-05-24T17:51:32","date_gmt":"2016-05-24T15:51:32","guid":{"rendered":"http:\/\/remotedaytradergroup.com\/de\/?page_id=24408"},"modified":"2016-05-27T10:35:23","modified_gmt":"2016-05-27T08:35:23","slug":"referenzen","status":"publish","type":"page","link":"https:\/\/remotedaytradergroup.com\/de\/referenzen\/","title":{"rendered":"Referenzen"},"content":{"rendered":"<p>Referenzen die von Tradern ausgestellt worden sind, mit welchen wir arbeiten, sind die beste Bewertung f\u00fcr unseres Unternehmen.<\/p>\n<p>&nbsp;<\/p>\n<blockquote>\n<p>Ich besch\u00e4ftige mich mit Daytrading seit 2009. Die RemoteDayTrader Gruppe ist das dritte Unternehmen, w\u00e4hrend meines Abenteuer mit der B\u00f6rse welches ich begegnet habe. Die Zusammenarbeit mit ihr, sch\u00e4tze ich am meisten, sowohl f\u00fcr den unverz\u00fcglichen payout aber auch die ausgezeichnete, immer hilfreiche Unterst\u00fctzung.<\/p>\n<p><strong>Sebastian<\/strong>, day trader<\/p>\n<\/blockquote>\n<p>&nbsp;<\/p>\n<blockquote>\n<p>Mein Abenteuer mit dem amerikanischen Markt wird schon in Jahren gez\u00e4hlt. Dank der Zugeh\u00f6rigkeit zu der Gruppe, bin ich \u00fcber alle \u00c4nderungen \/ Updates laufend informiert. Bei technischen Problemen kann ich alles laufend an die Support Abteilung (Unterst\u00fctzung) weiterleiten, welche mir auch laufend \u00fcber den Fortschritt informiert h\u00e4lt, oder die Probleml\u00f6sung. Das Angebot der Zusammenarbeit ist sehr vorteilhaft, im Vergleich zu meinen fr\u00fcheren Erfahrungen vor allem die Zahl der Unternehmen f\u00fcr die Short-Positionen um zu spielen, ist sehr breit und \u00e4ndern sich nicht radikal. Aufgrund meiner Erfahrung kann ich getrost die Zusammenarbeit mit dem Team von RemoteDayTrader empfehlen.<\/p>\n<p><strong>Mateusz<\/strong>, day trader<\/p>\n<\/blockquote>\n<p>&nbsp;<\/p>\n<blockquote>\n<p><span lang=\"PL\">RDT ist das beste Angebot auf dem polnischen Markt f\u00fcr Trader an dem US-Aktienm\u00e4rkt. Niedrige Provisionen und Geb\u00fchren, exzellenter Support und die Plattform Starling Pro ist alles, was Sie brauchen, um problemlos zu Tradern mit den Aktien der M\u00e4rkte wie  NYSE, NASDAQ und AMEX. Ich empfehle sie allen Interessierten.<\/span><\/p>\n<p><strong>Pawe\u0142<\/strong>, day trader<\/p>\n<\/blockquote>\n<p>&nbsp;<\/p>\n<blockquote>\n<p>Sehr zuverl\u00e4ssige und professionelle Herangehensweise an Trader. Ein Unternehmen mit der gr\u00f6\u00dften Erfahrung in Polen, wenn es darum geht, an der amerikanischen B\u00f6rsen mit Aktien zu spielen. Dahinter steht die Erfahrung, und folgt sehr sachliches und schnelles Sapport , Know-how usw. Der zus\u00e4tzlicher Wert dieses Unternehmens sind  die Menschen, insbesondere der Gr\u00fcnder, immer freundlich und hilfsbereit.<\/p>\n<p><strong>Mariusz<\/strong>, day trader<\/p>\n<\/blockquote>\n<p>&nbsp;<\/p>\n<blockquote>\n<p>Zu der Gruppe RemoteDayTrader.pl kam ich dank der Empfehlung eines erfahrenen Trader, der seit seiner Gr\u00fcndung bei ihr  war. Ich hatte schon mehr als zwei Jahre Erfahrung im prop Trading f\u00fcr ein Unternehmen aus Breslau, ich kannte die Realit\u00e4t der Branche und war auf der Suche nach den attraktivsten Konditionen, die mir erlauben w\u00fcrde, die die Kosten der Gesch\u00e4ftst\u00e4tigkeit zusenken und die eine bessere Auszahlung erm\u00f6glichen wurden. Die Geb\u00fchren f\u00fcr die Plattform (Sterling Trader Pro) oder die Quotierung (volle Wahlfreiheit, offene open books der NYSE oder NASDAQ, du nimmst was du ben\u00f6tigst), sind meisten alle auf dem gleichen Niveau, aber die Geb\u00fchr f\u00fcr die Vermarktung von jeder Aktie, war das, was mich \u00fcberzeugt hat. Das beste Angebot auf dem Markt, ohne versteckte Kosten f\u00fcr das clearing. Unterst\u00fctzung in Polnisch, die auf meine Probleme schnell reagiert. Ich hatte Situationen wo ich gerade zu stundenlang auf eine Antwort in Bezug auf technische Probleme  gewartet habe, jetzt habe ich kein Problem damit, weil die Gruppe hat eine gro\u00dfe Web-basierte Schnittstelle, die den Status meiner Meldung anzeigt, im Fall der globalen Probleme die auf alle Trader zutrifft, bekomme ich eine E-Mail mit Erkl\u00e4rung des Problems und die Zeit f\u00fcr die Behebung. Der Kontakt w\u00e4hrend dem Abschluss des Vertrages und der Verhandlungen, ein gro\u00dfer Plus. Es wird gesagt, dass bei Trading gibt keine dummen Fragen, dies habe ich gesch\u00e4ftig genutzt, um Tomka nach allen was mich gest\u00f6rt hat zu fragen, jedes Mal habe ich eine umfassende Antwort bekommen. Sehr professionell, ich empfehlen sie auf jeden Fall.<\/p>\n<p><strong>Marek<\/strong>, day trader<\/p>\n<\/blockquote>\n<p>&nbsp;<\/p>\n<blockquote>\n<p>Ich nutze die Leistungen von der RemoteDayTrader seit mehreren Jahren, bis zu diesem Zeitpunkt habe ich keine gr\u00f6\u00dferen Problemen begegnet, und ich bin zufrieden mit der Zusammenarbeit. Der Zugriff auf die volle Tiefe des Marktes und eine breite Palette von ecn&#8217;ns die von RDT angeboten wird, gibt viele M\u00f6glichkeiten, wenn man die Strategie baut. Sehr gro\u00dfe Zahl von Short Position Unternehmen, ist ein gro\u00dfer Plus.<br \/>\nUnterst\u00fctzung l\u00e4uft reibungslos,  guter Kontakt. Ich kann nur empfehlen<\/p>\n<p><strong>Micha\u0142<\/strong>, day trader<\/p>\n<\/blockquote>\n<p>&nbsp;<\/p>\n<p>&nbsp;<\/p>\n","protected":false},"excerpt":{"rendered":"<p>Referenzen die von Tradern ausgestellt worden sind, mit welchen wir arbeiten, sind die beste Bewertung f\u00fcr unseres Unternehmen. &nbsp; Ich besch\u00e4ftige mich mit Daytrading seit 2009. Die RemoteDayTrader Gruppe ist das dritte Unternehmen, w\u00e4hrend meines Abenteuer mit der B\u00f6rse welches ich begegnet habe. Die Zusammenarbeit mit ihr, sch\u00e4tze ich am meisten, sowohl f\u00fcr den unverz\u00fcglichen [&hellip;]<\/p>\n","protected":false},"author":1,"featured_media":0,"parent":0,"menu_order":0,"comment_status":"closed","ping_status":"closed","template":"","meta":{"footnotes":""},"yoast_head":"<!-- This site is optimized with the Yoast SEO plugin v15.2.1 - https:\/\/yoast.com\/wordpress\/plugins\/seo\/ -->\n<meta name=\"robots\" content=\"index, follow, max-snippet:-1, max-image-preview:large, max-video-preview:-1\" \/>\n<link rel=\"canonical\" href=\"https:\/\/remotedaytradergroup.com\/de\/referenzen\/\" \/>\n<meta property=\"og:locale\" content=\"de_DE\" \/>\n<meta property=\"og:type\" content=\"article\" \/>\n<meta property=\"og:title\" content=\"Referenzen - Remote Trading | Proprietary Trading\" \/>\n<meta property=\"og:description\" content=\"Referenzen die von Tradern ausgestellt worden sind, mit welchen wir arbeiten, sind die beste Bewertung f\u00fcr unseres Unternehmen. &nbsp; Ich besch\u00e4ftige mich mit Daytrading seit 2009. Die RemoteDayTrader Gruppe ist das dritte Unternehmen, w\u00e4hrend meines Abenteuer mit der B\u00f6rse welches ich begegnet habe. Die Zusammenarbeit mit ihr, sch\u00e4tze ich am meisten, sowohl f\u00fcr den unverz\u00fcglichen [&hellip;]\" \/>\n<meta property=\"og:url\" content=\"https:\/\/remotedaytradergroup.com\/de\/referenzen\/\" \/>\n<meta property=\"og:site_name\" content=\"Remote Trading | Proprietary Trading\" \/>\n<meta property=\"article:publisher\" content=\"https:\/\/www.facebook.com\/RemoteDayTrader\/\" \/>\n<meta property=\"article:modified_time\" content=\"2016-05-27T08:35:23+00:00\" \/>\n<meta property=\"og:image\" content=\"https:\/\/remotedaytradergroup.com\/wp-content\/uploads\/2016\/06\/cropped-Logo_pionoweRDT_Color-1.png\" \/>\n\t<meta property=\"og:image:width\" content=\"512\" \/>\n\t<meta property=\"og:image:height\" content=\"512\" \/>\n<meta name=\"twitter:card\" content=\"summary\" \/>\n<meta name=\"twitter:creator\" content=\"@DayTraderPL\" \/>\n<meta name=\"twitter:site\" content=\"@DayTraderPL\" \/>\n<meta name=\"twitter:label1\" content=\"Verfasst von\">\n\t<meta name=\"twitter:data1\" content=\"admin\">\n\t<meta name=\"twitter:label2\" content=\"Gesch\u00e4tzte Lesezeit\">\n\t<meta name=\"twitter:data2\" content=\"3\u00a0Minuten\">\n<script type=\"application\/ld+json\" class=\"yoast-schema-graph\">{\"@context\":\"https:\/\/schema.org\",\"@graph\":[{\"@type\":\"Organization\",\"@id\":\"https:\/\/remotedaytradergroup.com\/#organization\",\"name\":\"RemoteDayTrader Group\",\"url\":\"https:\/\/remotedaytradergroup.com\/\",\"sameAs\":[\"https:\/\/www.facebook.com\/RemoteDayTrader\/\",\"https:\/\/www.youtube.com\/user\/PolishDayTrader\",\"https:\/\/twitter.com\/DayTraderPL\"],\"logo\":{\"@type\":\"ImageObject\",\"@id\":\"https:\/\/remotedaytradergroup.com\/#logo\",\"inLanguage\":\"de\",\"url\":\"https:\/\/remotedaytradergroup.com\/wp-content\/uploads\/2016\/06\/cropped-Logo_pionoweRDT_Color-1.png\",\"width\":512,\"height\":512,\"caption\":\"RemoteDayTrader Group\"},\"image\":{\"@id\":\"https:\/\/remotedaytradergroup.com\/#logo\"}},{\"@type\":\"WebSite\",\"@id\":\"https:\/\/remotedaytradergroup.com\/#website\",\"url\":\"https:\/\/remotedaytradergroup.com\/\",\"name\":\"Remote Trading | Proprietary Trading\",\"description\":\"\",\"publisher\":{\"@id\":\"https:\/\/remotedaytradergroup.com\/#organization\"},\"potentialAction\":[{\"@type\":\"SearchAction\",\"target\":\"https:\/\/remotedaytradergroup.com\/?s={search_term_string}\",\"query-input\":\"required name=search_term_string\"}],\"inLanguage\":\"de\"},{\"@type\":\"WebPage\",\"@id\":\"https:\/\/remotedaytradergroup.com\/de\/referenzen\/#webpage\",\"url\":\"https:\/\/remotedaytradergroup.com\/de\/referenzen\/\",\"name\":\"Referenzen - Remote Trading | Proprietary Trading\",\"isPartOf\":{\"@id\":\"https:\/\/remotedaytradergroup.com\/#website\"},\"datePublished\":\"2016-05-24T15:51:32+00:00\",\"dateModified\":\"2016-05-27T08:35:23+00:00\",\"inLanguage\":\"de\",\"potentialAction\":[{\"@type\":\"ReadAction\",\"target\":[\"https:\/\/remotedaytradergroup.com\/de\/referenzen\/\"]}]}]}<\/script>\n<!-- \/ Yoast SEO plugin. -->","_links":{"self":[{"href":"https:\/\/remotedaytradergroup.com\/de\/wp-json\/wp\/v2\/pages\/24408"}],"collection":[{"href":"https:\/\/remotedaytradergroup.com\/de\/wp-json\/wp\/v2\/pages"}],"about":[{"href":"https:\/\/remotedaytradergroup.com\/de\/wp-json\/wp\/v2\/types\/page"}],"author":[{"embeddable":true,"href":"https:\/\/remotedaytradergroup.com\/de\/wp-json\/wp\/v2\/users\/1"}],"replies":[{"embeddable":true,"href":"https:\/\/remotedaytradergroup.com\/de\/wp-json\/wp\/v2\/comments?post=24408"}],"version-history":[{"count":4,"href":"https:\/\/remotedaytradergroup.com\/de\/wp-json\/wp\/v2\/pages\/24408\/revisions"}],"predecessor-version":[{"id":24480,"href":"https:\/\/remotedaytradergroup.com\/de\/wp-json\/wp\/v2\/pages\/24408\/revisions\/24480"}],"wp:attachment":[{"href":"https:\/\/remotedaytradergroup.com\/de\/wp-json\/wp\/v2\/media?parent=24408"}],"curies":[{"name":"wp","href":"https:\/\/api.w.org\/{rel}","templated":true}]}}