{"id":24406,"date":"2016-05-24T17:50:44","date_gmt":"2016-05-24T15:50:44","guid":{"rendered":"http:\/\/remotedaytradergroup.com\/de\/?page_id=24406"},"modified":"2016-06-06T12:34:54","modified_gmt":"2016-06-06T10:34:54","slug":"vorteile","status":"publish","type":"page","link":"https:\/\/remotedaytradergroup.com\/de\/vorteile\/","title":{"rendered":"Vorteile"},"content":{"rendered":"<p style=\"text-align: justify;\">Die Zusammenarbeitet mit <strong>Remote-Daytrader Group<\/strong> er\u00f6ffnet Ihnen die M\u00f6glichkeit, von einem der <strong>besten Angebote welcher den Zugang zu den US-B\u00f6rsen<\/strong> durch die Zusammenarbeit mit einer Firma der Prioprietary Trading zu profitieren, erm\u00f6glich.<\/p>\n<p style=\"text-align: justify;\">Wir bieten die M\u00f6glichkeit des Fern Trading d.h. Remote Traders, wie auch die Unterst\u00fctzung f\u00fcr Proptrading B\u00fcros. Fast ein Jahrzehnt der Erfahrung in der Proptrading Branche, zeugt von der Tatsache, dass sowohl wir als auch unsere Trader in der Lage sind, uns perfekt an die ver\u00e4ndernde sich Situation an der B\u00f6rse anpassen k\u00f6nnen.<\/p>\n<p style=\"text-align: justify;\">Zu unseren St\u00e4rken z\u00e4hlen u.a. <strong>niedrige Provisionen und Geb\u00fchren<\/strong>, die ein Vorteil vor allem f\u00fcr aktive Trader darstellen.<\/p>\n<p style=\"text-align: justify;\">Denk daran, <strong>das du von uns ein Trading Kapital bekommst, die so genannte Kaufkraft<\/strong>. Dies gibt dir die M\u00f6glichkeit, Gesch\u00e4fte abzuschlie\u00dfen, auf einem Kapital welcher deine Phantasie weit \u00fcbersteigt.<\/p>\n<p>&nbsp;<\/p>\n<p><strong>Die wichtigsten Vorteile<\/strong><\/p>\n<ol>\n<li>Der Zugang zu den B\u00f6rsen NYSE \/ NASDAQ \/ AMEX.<\/li>\n<li>Der Zugang zu dem Realen Trading Kapital (kein Heber).<\/li>\n<li>Keine Anforderung f\u00fcr das 25k$ f\u00fcr das Daytrading (keine PDT-Regel)<\/li>\n<li>Eine sehr gro\u00dfe Anzahl von Unternehmen an den ETB-Liste (leicht zu leihen)<\/li>\n<li>Geb\u00fchren je Aktie, nicht auf die Transaktion.<\/li>\n<li>Die h\u00f6chste Verf\u00fcgbarkeit von ECN\u2019ns in der Branche, Dark Pools und Smart Routen<\/li>\n<li>Den Zugriff auf die Tiefe des Marktes; schnelle Ausf\u00fchrung von Auftr\u00e4gen.<\/li>\n<li>Rabatte auf Nachrichten-Systeme.<\/li>\n<li>Rabatte f\u00fcr Trader die einen gro\u00dfen Umsatz erzeugen.<\/li>\n<li>Unterst\u00fctzung in Polnisch.<\/li>\n<\/ol>\n<p style=\"text-align: justify;\">\u00a0<\/p>\n<p style=\"text-align: justify;\">Jedes Jahr ist die Remote Daytrader-Gruppe ein Mitorganisator der Trading Konferenz &#8222;Daytrader Event&#8220;. Dies ist die beste Gelegenheit, sich mit uns live zu Treffen. Alle unsere Trader die die Gruppe bilden, erhalten auch Rabatte f\u00fcr die Teilnahme an der Konferenz.<\/p>\n<p>&nbsp;<\/p>\n<p style=\"text-align: justify;\">Wir arbeiten mit unseren Partnern auf der ganzen Welt. Den Tradern bieten wir hervorragende Angebote f\u00fcr die Produkte unserer Partner.<\/p>\n<p>&nbsp;<\/p>\n<div class=\"one_third\"><h3 class=\"page-header\"><i class=\"divider_icon icon-h3\"><\/i> Trade Ideas<\/h3><img loading=\"lazy\" decoding=\"async\" class=\"alignnone size-medium wp-image-24169\" src=\"http:\/\/remotedaytradergroup.com\/wp-content\/uploads\/2016\/05\/tradeideas-300x180.gif\" alt=\"tradeideas\" width=\"300\" height=\"180\" \/><\/div>\n<p style=\"text-align: justify;\"><div class=\"two_third last\"><h3 class=\"page-header\"><i class=\"divider_icon icon-h3\"><\/i> 30% Rabatt auf Produkte<\/h3>Unser Partner ist die Firma <strong>Trade Ideas<\/strong> \u2013 welche bietet umfassende Scanner f\u00fcr Aktien in Echtzeit f\u00fcr an der US-B\u00f6rsen notierten Unternehmen: NYSE, NASDAQ, AMEX, OTC Pink Sheet. Und auch auf den kanadischen B\u00f6rsen.<\/p>\n<p style=\"text-align: justify;\">Alle Trader von unserer Gruppe, <strong>erhalten 30% Rabatt auf alle Produkte von Trade Ideas<\/strong>!<\/p>\n<p>Offizielle Website: <a href=\"http:\/\/trade-ideas.com\/referral.html?w=products&amp;p=bedaytrader&amp;a=RDT_adv\" target=\"_blank\"><strong>www.trade-ideas.com<\/strong><\/a><\/p>\n<p><\/div><div class=\"clear\"><\/div>\n<p>&nbsp;<\/p>\n<p>&nbsp;<\/p>\n<div class=\"one_third\"><h3 class=\"page-header\"><i class=\"divider_icon icon-h3\"><\/i> Benzinga PRO<\/h3><img loading=\"lazy\" decoding=\"async\" class=\"alignnone wp-image-24167 size-medium\" src=\"http:\/\/remotedaytradergroup.com\/wp-content\/uploads\/2016\/05\/benzinga-300x180.png\" width=\"300\" height=\"180\" \/><\/div>\n<div class=\"two_third last\"><h3 class=\"page-header\"><i class=\"divider_icon icon-h3\"><\/i> 20% Rabatt auf Produkte<\/h3><\/p>\n<p style=\"text-align: justify;\">Unser Partner ist die <strong>Pro Benzing<\/strong> \u2013 die ein sehr interessantes System von Nachrichten, Daten, Makro\u2018s, und Quartalsergebnissen sowie Audio-Nachrichten anbietet.<\/p>\n<p style=\"text-align: justify;\">Alle Trader die zu unserer Gruppe geh\u00f6ren, erhalten eine <strong>1-Monatige-Testphase des Systems kostenlos. Nach der Testphase, 20% Rabatt auf alle Leistungen des Unternehmens in Jahrespaketen<\/strong>.<\/p>\n<p>Offizielle Website: <a href=\"http:\/\/pro.benzinga.com\/?a_aid=bedaytrader&amp;a_bid=4ae3bb7e\" target=\"_blank\"><strong>www.pro.benzinga.com<\/strong><\/a><\/p>\n<p><\/div><div class=\"clear\"><\/div>\n","protected":false},"excerpt":{"rendered":"<p>Die Zusammenarbeitet mit Remote-Daytrader Group er\u00f6ffnet Ihnen die M\u00f6glichkeit, von einem der besten Angebote welcher den Zugang zu den US-B\u00f6rsen durch die Zusammenarbeit mit einer Firma der Prioprietary Trading zu profitieren, erm\u00f6glich. Wir bieten die M\u00f6glichkeit des Fern Trading d.h. Remote Traders, wie auch die Unterst\u00fctzung f\u00fcr Proptrading B\u00fcros. Fast ein Jahrzehnt der Erfahrung in [&hellip;]<\/p>\n","protected":false},"author":1,"featured_media":0,"parent":0,"menu_order":0,"comment_status":"closed","ping_status":"closed","template":"","meta":{"footnotes":""},"yoast_head":"<!-- This site is optimized with the Yoast SEO plugin v15.2.1 - https:\/\/yoast.com\/wordpress\/plugins\/seo\/ -->\n<meta name=\"robots\" content=\"index, follow, max-snippet:-1, max-image-preview:large, max-video-preview:-1\" \/>\n<link rel=\"canonical\" href=\"https:\/\/remotedaytradergroup.com\/de\/vorteile\/\" \/>\n<meta property=\"og:locale\" content=\"de_DE\" \/>\n<meta property=\"og:type\" content=\"article\" \/>\n<meta property=\"og:title\" content=\"Vorteile - Remote Trading | Proprietary Trading\" \/>\n<meta property=\"og:description\" content=\"Die Zusammenarbeitet mit Remote-Daytrader Group er\u00f6ffnet Ihnen die M\u00f6glichkeit, von einem der besten Angebote welcher den Zugang zu den US-B\u00f6rsen durch die Zusammenarbeit mit einer Firma der Prioprietary Trading zu profitieren, erm\u00f6glich. Wir bieten die M\u00f6glichkeit des Fern Trading d.h. Remote Traders, wie auch die Unterst\u00fctzung f\u00fcr Proptrading B\u00fcros. Fast ein Jahrzehnt der Erfahrung in [&hellip;]\" \/>\n<meta property=\"og:url\" content=\"https:\/\/remotedaytradergroup.com\/de\/vorteile\/\" \/>\n<meta property=\"og:site_name\" content=\"Remote Trading | Proprietary Trading\" \/>\n<meta property=\"article:publisher\" content=\"https:\/\/www.facebook.com\/RemoteDayTrader\/\" \/>\n<meta property=\"article:modified_time\" content=\"2016-06-06T10:34:54+00:00\" \/>\n<meta property=\"og:image\" content=\"http:\/\/remotedaytradergroup.com\/wp-content\/uploads\/2016\/05\/tradeideas-300x180.gif\" \/>\n<meta name=\"twitter:card\" content=\"summary\" \/>\n<meta name=\"twitter:creator\" content=\"@DayTraderPL\" \/>\n<meta name=\"twitter:site\" content=\"@DayTraderPL\" \/>\n<meta name=\"twitter:label1\" content=\"Verfasst von\">\n\t<meta name=\"twitter:data1\" content=\"admin\">\n\t<meta name=\"twitter:label2\" content=\"Gesch\u00e4tzte Lesezeit\">\n\t<meta name=\"twitter:data2\" content=\"2\u00a0Minuten\">\n<script type=\"application\/ld+json\" class=\"yoast-schema-graph\">{\"@context\":\"https:\/\/schema.org\",\"@graph\":[{\"@type\":\"Organization\",\"@id\":\"https:\/\/remotedaytradergroup.com\/#organization\",\"name\":\"RemoteDayTrader Group\",\"url\":\"https:\/\/remotedaytradergroup.com\/\",\"sameAs\":[\"https:\/\/www.facebook.com\/RemoteDayTrader\/\",\"https:\/\/www.youtube.com\/user\/PolishDayTrader\",\"https:\/\/twitter.com\/DayTraderPL\"],\"logo\":{\"@type\":\"ImageObject\",\"@id\":\"https:\/\/remotedaytradergroup.com\/#logo\",\"inLanguage\":\"de\",\"url\":\"https:\/\/remotedaytradergroup.com\/wp-content\/uploads\/2016\/06\/cropped-Logo_pionoweRDT_Color-1.png\",\"width\":512,\"height\":512,\"caption\":\"RemoteDayTrader Group\"},\"image\":{\"@id\":\"https:\/\/remotedaytradergroup.com\/#logo\"}},{\"@type\":\"WebSite\",\"@id\":\"https:\/\/remotedaytradergroup.com\/#website\",\"url\":\"https:\/\/remotedaytradergroup.com\/\",\"name\":\"Remote Trading | Proprietary Trading\",\"description\":\"\",\"publisher\":{\"@id\":\"https:\/\/remotedaytradergroup.com\/#organization\"},\"potentialAction\":[{\"@type\":\"SearchAction\",\"target\":\"https:\/\/remotedaytradergroup.com\/?s={search_term_string}\",\"query-input\":\"required name=search_term_string\"}],\"inLanguage\":\"de\"},{\"@type\":\"ImageObject\",\"@id\":\"https:\/\/remotedaytradergroup.com\/de\/vorteile\/#primaryimage\",\"inLanguage\":\"de\",\"url\":\"http:\/\/remotedaytradergroup.com\/wp-content\/uploads\/2016\/05\/tradeideas-300x180.gif\"},{\"@type\":\"WebPage\",\"@id\":\"https:\/\/remotedaytradergroup.com\/de\/vorteile\/#webpage\",\"url\":\"https:\/\/remotedaytradergroup.com\/de\/vorteile\/\",\"name\":\"Vorteile - Remote Trading | Proprietary Trading\",\"isPartOf\":{\"@id\":\"https:\/\/remotedaytradergroup.com\/#website\"},\"primaryImageOfPage\":{\"@id\":\"https:\/\/remotedaytradergroup.com\/de\/vorteile\/#primaryimage\"},\"datePublished\":\"2016-05-24T15:50:44+00:00\",\"dateModified\":\"2016-06-06T10:34:54+00:00\",\"inLanguage\":\"de\",\"potentialAction\":[{\"@type\":\"ReadAction\",\"target\":[\"https:\/\/remotedaytradergroup.com\/de\/vorteile\/\"]}]}]}<\/script>\n<!-- \/ Yoast SEO plugin. -->","_links":{"self":[{"href":"https:\/\/remotedaytradergroup.com\/de\/wp-json\/wp\/v2\/pages\/24406"}],"collection":[{"href":"https:\/\/remotedaytradergroup.com\/de\/wp-json\/wp\/v2\/pages"}],"about":[{"href":"https:\/\/remotedaytradergroup.com\/de\/wp-json\/wp\/v2\/types\/page"}],"author":[{"embeddable":true,"href":"https:\/\/remotedaytradergroup.com\/de\/wp-json\/wp\/v2\/users\/1"}],"replies":[{"embeddable":true,"href":"https:\/\/remotedaytradergroup.com\/de\/wp-json\/wp\/v2\/comments?post=24406"}],"version-history":[{"count":6,"href":"https:\/\/remotedaytradergroup.com\/de\/wp-json\/wp\/v2\/pages\/24406\/revisions"}],"predecessor-version":[{"id":24636,"href":"https:\/\/remotedaytradergroup.com\/de\/wp-json\/wp\/v2\/pages\/24406\/revisions\/24636"}],"wp:attachment":[{"href":"https:\/\/remotedaytradergroup.com\/de\/wp-json\/wp\/v2\/media?parent=24406"}],"curies":[{"name":"wp","href":"https:\/\/api.w.org\/{rel}","templated":true}]}}