{"id":24404,"date":"2016-05-24T17:50:12","date_gmt":"2016-05-24T15:50:12","guid":{"rendered":"http:\/\/remotedaytradergroup.com\/de\/?page_id=24404"},"modified":"2016-06-06T11:51:54","modified_gmt":"2016-06-06T09:51:54","slug":"ueber-uns","status":"publish","type":"page","link":"https:\/\/remotedaytradergroup.com\/de\/ueber-uns\/","title":{"rendered":"\u00dcber uns"},"content":{"rendered":"<h4 style=\"text-align: justify;\"><strong>Proprietary Trading und Remote Trading<\/strong><\/h4>\n<p>&nbsp;<\/p>\n<p style=\"text-align: justify;\"><strong>RemoteDayTrader Group<\/strong> ist die \u00e4lteste und gr\u00f6\u00dfte Gruppe in Polen, die den Trading an den US-B\u00f6rsen sowohl f\u00fcr proptrading B\u00fcros und auch f\u00fcr Fern Trader auf den Prinzipien des Remote-Trading anbietet. Unsere Trader sind die ersten Trader in Polen, die durch uns, als Trader an den US-B\u00f6rsen angefangen haben zusammenzuarbeiten: NASDAQ, NYSE und AMEX.<\/p>\n<p>Wir k\u00f6nnen sagen, dass in dieser Hinsicht sind wir die Pioniere auf dem polnischen Markt.<\/p>\n<p>&nbsp;<\/p>\n<p><strong>Was wir bieten wir an<\/strong><\/p>\n<p style=\"text-align: justify;\">Die Trader die mit uns zusammenarbeiten, investieren das Kapital der proptrading Gesellschaft, so dass Sie den Zugriff auf nahezu unbegrenztes Trading Kapital haben. Im diesen Trading verwenden wir nicht den Heber , so dass das Kapital eines Trader nicht zus\u00e4tzlichen Risiken ausgesetzt ist. Im Gegenzug das Protrader Unternehmen belohnt den Trader in Form einer signifikanten Gewinnverteilung der erzielten Ertr\u00e4ge. Da die H\u00f6he der Kosten und Geb\u00fchren, auf der Basis des erzeugten Gesamtvolumens bestimmen wird, dank dem bietet das Unternehmen dem Tradern sehr geringe Provisionen , die bei traditionellen Makler unm\u00f6glich sind.<\/p>\n<p style=\"text-align: justify;\">Wir arbeiten mit einem der gr\u00f6\u00dften Proptrading Unternehmen der Welt , die lokale B\u00fcros in der ganzen Welt hab. Das Unternehmen wurde von einem Team von Tradern gegr\u00fcndet, die etwas Einzigartiges in der Branche erschaffen wollte, und so war es ein &#8222;proprietary trading&#8220; Unternehmen gegr\u00fcndet, die den erfahrenen Tradern die n\u00f6tige Werkzeuge bietet und die M\u00f6glichkeit gibt durch ein wettbewerbsf\u00e4higes Angebot sich zu entwickeln.<br \/> Wenn du dein Abenteuer an den US-B\u00f6rsen beginnen m\u00f6chtest, dann hast du den richtigen Partner gefunden. Kontaktiere uns wenn dich sowohl eine Zusammenarbeit als Trader , aber auch wenn du eine Gruppe von Tradern repr\u00e4sentierst, oder denkst an einer Er\u00f6ffnung eines proptrading B\u00fcros.<\/p>\n<p style=\"text-align: justify;\">\u00a0<\/p>\n<h5><strong>Die Erfahrung in Daytrading<\/strong><\/h5>\n<p style=\"text-align: justify;\">Der Eigent\u00fcmer der Gruppe teilt seit 2007 sein Wissen und seine Erfahrung durch Portale wie Day-Trader.pl oder BeDayTrader.com. Die RemoteDayTrader Gruppe ist seit 2011 einer Mitveranstalter der Konferenz &#8222;Daytrader Event&#8220;, die sich auf das Trading an der US-B\u00f6rse konzentriert. Wir kennen unseren Markt von innen nach au\u00dfen, und unser Hauptziel ist es das die Trader da verdienen.<\/p>\n<blockquote>\n<p style=\"text-align: justify;\">\u201eIch bin seit 2007 ein aktiver Daytrader, deshalb kannst du sicher sein, dass das Wichtigste f\u00fcr mich ist das Wohl eines Trader, weil ich selber auch das verstehe. Sowohl weil ich ein Mitarbeiter des Trading B\u00fcros bin, weiter weil ich ein Trader bin, bis ich eine eigne Trader Gruppe gestartet habe, bis dann habe ich die meisten Bed\u00fcrfnisse eines Trader kennengelernt.<br \/> Tomasz Przybycie\u0144, Inhaber RemoteDayTrader Group.<\/p>\n<\/blockquote>\n<p>&nbsp;<\/p>\n<div id=\"attachment_24114\" style=\"width: 610px\" class=\"wp-caption aligncenter\"><img loading=\"lazy\" decoding=\"async\" aria-describedby=\"caption-attachment-24114\" class=\"wp-image-24114\" src=\"http:\/\/remotedaytradergroup.com\/wp-content\/uploads\/2016\/04\/zdjecie1-300x127.png\" alt=\"DayTrader Event\" width=\"600\" height=\"254\" srcset=\"https:\/\/remotedaytradergroup.com\/wp-content\/uploads\/2016\/04\/zdjecie1-300x127.png 300w, https:\/\/remotedaytradergroup.com\/wp-content\/uploads\/2016\/04\/zdjecie1-768x326.png 768w, https:\/\/remotedaytradergroup.com\/wp-content\/uploads\/2016\/04\/zdjecie1-1024x434.png 1024w, https:\/\/remotedaytradergroup.com\/wp-content\/uploads\/2016\/04\/zdjecie1.png 1903w\" sizes=\"(max-width: 600px) 100vw, 600px\" \/><p id=\"caption-attachment-24114\" class=\"wp-caption-text\">Tomasz Przybycie\u0144, Inhaber RemoteDayTraderGroup.com w\u00e4hrend des Daytrader Events.<\/p><\/div>\n<p>&nbsp;<\/p>\n<p>&nbsp;<\/p>\n<div class=\"one_half\"><div class=\"pricingcontainer\"><div id=\"pricing_plan1\" class=\"one columns\"><dl class=\"plans recommended_plans\" >\r\n                    <dd class=\"plan_title recommended_plan_title\">\r\n                    Vorteile f\u00fcr Trader\r\n                    <\/dd>\r\n                    <dd class=\"plan_price\">\r\n                        Kaufkraft\r\n                    <\/dd>\r\n                  <\/dl><dl class=\"plan\" id=\"pr1\">\r\n                    <dt class=\"plan_more\">View<a href=\"#pr1\" class=\"more_icon\"><\/a>\r\n                        <a href=\"#\" class=\"less_icon\"><\/a>\r\n                    <\/dt><dd class=\"plan_features\">\r\n                        <div class=\"feature_desc\"><span class=\"pricinghighlight\">Der Trading an der New Yorker Bu00f6rse | NASDAQ | AMEX<\/span><\/div>\r\n                      <\/dd><dd class=\"plan_features\">\r\n                        <div class=\"feature_desc\"><span class=\"pricinghighlight\">Keine Muster Day Trade Regeln<\/span><\/div>\r\n                      <\/dd><dd class=\"plan_features\">\r\n                        <div class=\"feature_desc\"><span class=\"pricinghighlight\">ETB \/ HTB kurze Liste<\/span><\/div>\r\n                      <\/dd><dd class=\"plan_features\">\r\n                        <div class=\"feature_desc\"><span class=\"pricinghighlight\">Gebu00fchr fu00fcr die Aktien - ohne Mindest<\/span><\/div>\r\n                      <\/dd><dd class=\"plan_features\">\r\n                        <div class=\"feature_desc\"><span class=\"pricinghighlight\">Eine riesige Liste von ECN, Dark Pools, Smart-Router<\/span><\/div>\r\n                      <\/dd><dd class=\"plan_features\">\r\n                        <div class=\"feature_desc\"><span class=\"pricinghighlight\">Schnelle Ausfu00fchrung von Transaktionen<\/span><\/div>\r\n                      <\/dd><dd class=\"plan_features\">\r\n                        <div class=\"feature_desc\"><span class=\"pricinghighlight\">Unterstu00fctzung in Polnisch<\/span><\/div>\r\n                      <\/dd><dd class=\"plan_features\">\r\n                        <div class=\"feature_desc\"><span class=\"pricinghighlight\">Trade Ideen | Pro Benzing Nachrichten<\/span><\/div>\r\n                      <\/dd><dd class=\"plan_buy recommended_plan_title\">\r\n                    <a href=\"#\" class=\"buy\" >Sprawd\u017a<\/a>\r\n                  <\/dd>\r\n                  <\/dl><\/div><\/div><\/div>\n<div class=\"one_half last\"><div class=\"skills_content\"><span class=\"skill_title meta_title\">Ausgezeichnete Ausf\u00fchrung 100%<\/span><div class=\"progress progress-striped\"><div class=\"bar\" style=\"width: 100%;\"><\/div><\/div><\/div><div class=\"skills_content\"><span class=\"skill_title meta_title\">Auszahlung von 85%<\/span><div class=\"progress progress-striped\"><div class=\"bar\" style=\"width: 85%;\"><\/div><\/div><\/div><div class=\"skills_content\"><span class=\"skill_title meta_title\">Niedrigste Kommissionen \u2013 will schlagen jeden Deal \ud83d\ude42 100%<\/span><div class=\"progress progress-striped\"><div class=\"bar\" style=\"width: 100%;\"><\/div><\/div><\/div><div class=\"skills_content\"><span class=\"skill_title meta_title\">30% Rabatt auf die Produkte der Partner 30%<\/span><div class=\"progress progress-striped\"><div class=\"bar\" style=\"width: 30%;\"><\/div><\/div><\/div><\/div><div class=\"clear\"><\/div>\n<p>&nbsp;<\/p>\n<p>&nbsp;<\/p>\n","protected":false},"excerpt":{"rendered":"<p>Proprietary Trading und Remote Trading &nbsp; RemoteDayTrader Group ist die \u00e4lteste und gr\u00f6\u00dfte Gruppe in Polen, die den Trading an den US-B\u00f6rsen sowohl f\u00fcr proptrading B\u00fcros und auch f\u00fcr Fern Trader auf den Prinzipien des Remote-Trading anbietet. Unsere Trader sind die ersten Trader in Polen, die durch uns, als Trader an den US-B\u00f6rsen angefangen haben [&hellip;]<\/p>\n","protected":false},"author":1,"featured_media":0,"parent":0,"menu_order":0,"comment_status":"closed","ping_status":"closed","template":"","meta":{"footnotes":""},"yoast_head":"<!-- This site is optimized with the Yoast SEO plugin v15.2.1 - https:\/\/yoast.com\/wordpress\/plugins\/seo\/ -->\n<meta name=\"robots\" content=\"index, follow, max-snippet:-1, max-image-preview:large, max-video-preview:-1\" \/>\n<link rel=\"canonical\" href=\"https:\/\/remotedaytradergroup.com\/de\/ueber-uns\/\" \/>\n<meta property=\"og:locale\" content=\"de_DE\" \/>\n<meta property=\"og:type\" content=\"article\" \/>\n<meta property=\"og:title\" content=\"\u00dcber uns - Remote Trading | Proprietary Trading\" \/>\n<meta property=\"og:description\" content=\"Proprietary Trading und Remote Trading &nbsp; RemoteDayTrader Group ist die \u00e4lteste und gr\u00f6\u00dfte Gruppe in Polen, die den Trading an den US-B\u00f6rsen sowohl f\u00fcr proptrading B\u00fcros und auch f\u00fcr Fern Trader auf den Prinzipien des Remote-Trading anbietet. Unsere Trader sind die ersten Trader in Polen, die durch uns, als Trader an den US-B\u00f6rsen angefangen haben [&hellip;]\" \/>\n<meta property=\"og:url\" content=\"https:\/\/remotedaytradergroup.com\/de\/ueber-uns\/\" \/>\n<meta property=\"og:site_name\" content=\"Remote Trading | Proprietary Trading\" \/>\n<meta property=\"article:publisher\" content=\"https:\/\/www.facebook.com\/RemoteDayTrader\/\" \/>\n<meta property=\"article:modified_time\" content=\"2016-06-06T09:51:54+00:00\" \/>\n<meta property=\"og:image\" content=\"http:\/\/remotedaytradergroup.com\/wp-content\/uploads\/2016\/04\/zdjecie1-300x127.png\" \/>\n<meta name=\"twitter:card\" content=\"summary\" \/>\n<meta name=\"twitter:creator\" content=\"@DayTraderPL\" \/>\n<meta name=\"twitter:site\" content=\"@DayTraderPL\" \/>\n<meta name=\"twitter:label1\" content=\"Verfasst von\">\n\t<meta name=\"twitter:data1\" content=\"admin\">\n\t<meta name=\"twitter:label2\" content=\"Gesch\u00e4tzte Lesezeit\">\n\t<meta name=\"twitter:data2\" content=\"2\u00a0Minuten\">\n<script type=\"application\/ld+json\" class=\"yoast-schema-graph\">{\"@context\":\"https:\/\/schema.org\",\"@graph\":[{\"@type\":\"Organization\",\"@id\":\"https:\/\/remotedaytradergroup.com\/#organization\",\"name\":\"RemoteDayTrader Group\",\"url\":\"https:\/\/remotedaytradergroup.com\/\",\"sameAs\":[\"https:\/\/www.facebook.com\/RemoteDayTrader\/\",\"https:\/\/www.youtube.com\/user\/PolishDayTrader\",\"https:\/\/twitter.com\/DayTraderPL\"],\"logo\":{\"@type\":\"ImageObject\",\"@id\":\"https:\/\/remotedaytradergroup.com\/#logo\",\"inLanguage\":\"de\",\"url\":\"https:\/\/remotedaytradergroup.com\/wp-content\/uploads\/2016\/06\/cropped-Logo_pionoweRDT_Color-1.png\",\"width\":512,\"height\":512,\"caption\":\"RemoteDayTrader Group\"},\"image\":{\"@id\":\"https:\/\/remotedaytradergroup.com\/#logo\"}},{\"@type\":\"WebSite\",\"@id\":\"https:\/\/remotedaytradergroup.com\/#website\",\"url\":\"https:\/\/remotedaytradergroup.com\/\",\"name\":\"Remote Trading | Proprietary Trading\",\"description\":\"\",\"publisher\":{\"@id\":\"https:\/\/remotedaytradergroup.com\/#organization\"},\"potentialAction\":[{\"@type\":\"SearchAction\",\"target\":\"https:\/\/remotedaytradergroup.com\/?s={search_term_string}\",\"query-input\":\"required name=search_term_string\"}],\"inLanguage\":\"de\"},{\"@type\":\"ImageObject\",\"@id\":\"https:\/\/remotedaytradergroup.com\/de\/ueber-uns\/#primaryimage\",\"inLanguage\":\"de\",\"url\":\"http:\/\/remotedaytradergroup.com\/wp-content\/uploads\/2016\/04\/zdjecie1-300x127.png\"},{\"@type\":\"WebPage\",\"@id\":\"https:\/\/remotedaytradergroup.com\/de\/ueber-uns\/#webpage\",\"url\":\"https:\/\/remotedaytradergroup.com\/de\/ueber-uns\/\",\"name\":\"\\u00dcber uns - Remote Trading | Proprietary Trading\",\"isPartOf\":{\"@id\":\"https:\/\/remotedaytradergroup.com\/#website\"},\"primaryImageOfPage\":{\"@id\":\"https:\/\/remotedaytradergroup.com\/de\/ueber-uns\/#primaryimage\"},\"datePublished\":\"2016-05-24T15:50:12+00:00\",\"dateModified\":\"2016-06-06T09:51:54+00:00\",\"inLanguage\":\"de\",\"potentialAction\":[{\"@type\":\"ReadAction\",\"target\":[\"https:\/\/remotedaytradergroup.com\/de\/ueber-uns\/\"]}]}]}<\/script>\n<!-- \/ Yoast SEO plugin. -->","_links":{"self":[{"href":"https:\/\/remotedaytradergroup.com\/de\/wp-json\/wp\/v2\/pages\/24404"}],"collection":[{"href":"https:\/\/remotedaytradergroup.com\/de\/wp-json\/wp\/v2\/pages"}],"about":[{"href":"https:\/\/remotedaytradergroup.com\/de\/wp-json\/wp\/v2\/types\/page"}],"author":[{"embeddable":true,"href":"https:\/\/remotedaytradergroup.com\/de\/wp-json\/wp\/v2\/users\/1"}],"replies":[{"embeddable":true,"href":"https:\/\/remotedaytradergroup.com\/de\/wp-json\/wp\/v2\/comments?post=24404"}],"version-history":[{"count":8,"href":"https:\/\/remotedaytradergroup.com\/de\/wp-json\/wp\/v2\/pages\/24404\/revisions"}],"predecessor-version":[{"id":24602,"href":"https:\/\/remotedaytradergroup.com\/de\/wp-json\/wp\/v2\/pages\/24404\/revisions\/24602"}],"wp:attachment":[{"href":"https:\/\/remotedaytradergroup.com\/de\/wp-json\/wp\/v2\/media?parent=24404"}],"curies":[{"name":"wp","href":"https:\/\/api.w.org\/{rel}","templated":true}]}}